{"id":95,"date":"2019-09-09T16:43:56","date_gmt":"2019-09-09T16:43:56","guid":{"rendered":"http:\/\/itifistas.edu.co\/itif\/?page_id=95"},"modified":"2026-02-05T16:57:29","modified_gmt":"2026-02-05T16:57:29","slug":"personero-estudiantil","status":"publish","type":"page","link":"https:\/\/itifistas.edu.co\/itif\/index.php\/gobierno-escolar\/personero-estudiantil\/","title":{"rendered":"Personer@ Estudiantil"},"content":{"rendered":"<p>Es un estudiante de \u00faltimo a\u00f1o que ofrezca la Instituci\u00f3n, encargado de promover los derechos y deberes de los estudiantes consagrados en la Constituci\u00f3n Pol\u00edtica de Colombia, las Leyes, los Reglamentos y el Manual de convivencia Social Comunitaria. Es un L\u00edder con la capacidad de generar participaci\u00f3n en la Comunidad Estudiantil, de descubrir y trabajar las necesidades del grupo al que representa, de defender los derechos humanos y promover la cultura democr\u00e1tica, y velar porque la comunicaci\u00f3n entre estudiantes, maestros, Padres de Familia y dem\u00e1s integrantes de la Comunidad Educativa sea abierta, clara, sencilla y respetuosa.<\/p>\n<p>Los Personeros estudiantiles son reconocidos por la Ley 115\/94 (Art. 94) y por el Decreto 1860 de 1994 8 Art. 28), como figura reglamentaria dentro de los establecimientos de Educaci\u00f3n B\u00e1sica y media, tanto p\u00fablica como privada. Se busca con lo anterior, preparar durante la vida escolar al estudiante, mediante la participaci\u00f3n en el ejercicio de la democracia, para que una vez alcance la mayor\u00eda de edad, ejerza con conciencia los derechos constitucionales de elegir y ser elegido.<\/p>\n<p>El trabajo del Personero Estudiantil est\u00e1 encaminado a:<\/p>\n<ul>\n<li>La promoci\u00f3n y el cumplimiento de los Derechos y Deberes de los estudiantes<\/li>\n<li>Plantear quejas e inquietudes ante las distintas instancias del colegio.<\/li>\n<li>Utilizar de manera responsable herramientas de interacci\u00f3n, para promover las diferentes actividades que se realicen dentro de la Instituci\u00f3n Educativa.<\/li>\n<li>Servir de garantes del cumplimiento de la normatividad en los procesos disciplinarios.<\/li>\n<li>Ser promotor de paz y convivencia.<\/li>\n<\/ul>\n<p>&nbsp;<\/p>\n<div class=\"host-lopnbnfpjmgpbppclhclehhgafnifija\" style=\"position: relative; z-index: 2147483647;\"><\/div>\n","protected":false},"excerpt":{"rendered":"<p>Es un estudiante de \u00faltimo a\u00f1o que ofrezca la Instituci\u00f3n, encargado de promover los derechos y deberes de los estudiantes consagrados en la Constituci\u00f3n Pol\u00edtica de Colombia, las Leyes, los Reglamentos y el Manual de convivencia Social Comunitaria. Es un L\u00edder con la capacidad de generar participaci\u00f3n en la Comunidad Estudiantil, de descubrir y trabajar&hellip;<\/p>\n","protected":false},"author":1,"featured_media":0,"parent":63,"menu_order":7,"comment_status":"closed","ping_status":"closed","template":"","meta":[],"_links":{"self":[{"href":"https:\/\/itifistas.edu.co\/itif\/index.php\/wp-json\/wp\/v2\/pages\/95"}],"collection":[{"href":"https:\/\/itifistas.edu.co\/itif\/index.php\/wp-json\/wp\/v2\/pages"}],"about":[{"href":"https:\/\/itifistas.edu.co\/itif\/index.php\/wp-json\/wp\/v2\/types\/page"}],"author":[{"embeddable":true,"href":"https:\/\/itifistas.edu.co\/itif\/index.php\/wp-json\/wp\/v2\/users\/1"}],"replies":[{"embeddable":true,"href":"https:\/\/itifistas.edu.co\/itif\/index.php\/wp-json\/wp\/v2\/comments?post=95"}],"version-history":[{"count":6,"href":"https:\/\/itifistas.edu.co\/itif\/index.php\/wp-json\/wp\/v2\/pages\/95\/revisions"}],"predecessor-version":[{"id":4723,"href":"https:\/\/itifistas.edu.co\/itif\/index.php\/wp-json\/wp\/v2\/pages\/95\/revisions\/4723"}],"up":[{"embeddable":true,"href":"https:\/\/itifistas.edu.co\/itif\/index.php\/wp-json\/wp\/v2\/pages\/63"}],"wp:attachment":[{"href":"https:\/\/itifistas.edu.co\/itif\/index.php\/wp-json\/wp\/v2\/media?parent=95"}],"curies":[{"name":"wp","href":"https:\/\/api.w.org\/{rel}","templated":true}]}}