{"id":93,"date":"2019-09-09T16:43:29","date_gmt":"2019-09-09T16:43:29","guid":{"rendered":"http:\/\/itifistas.edu.co\/itif\/?page_id=93"},"modified":"2026-03-05T12:34:09","modified_gmt":"2026-03-05T12:34:09","slug":"comite-de-convivencia","status":"publish","type":"page","link":"https:\/\/itifistas.edu.co\/itif\/index.php\/gobierno-escolar\/comite-de-convivencia\/","title":{"rendered":"Comit\u00e9 de Convivencia."},"content":{"rendered":"<p>La IEM Instituto T\u00e9cnico Industrial de Facataiv\u00e1 garantizar\u00e1 la procura del di\u00e1logo y la concertaci\u00f3n entre los padres de familia o acudientes, los funcionarios del Colegio y los estudiantes cuando se presenten situaciones de conflicto o desacuerdo. Asimismo, garantizar\u00e1 el debido proceso para la soluci\u00f3n de estas, siguiendo los conductos regulares establecidos.<\/p>\n<p>En los casos de aplicaci\u00f3n de sanciones por faltas cometidas tendr\u00e1 en cuenta la clasificaci\u00f3n de las faltas en situaciones de Tipo I, Tipo II y Tipo III y la naturaleza de las acciones de reparaci\u00f3n tal como lo indica m\u00e1s adelante el presente manual. Es un organismo que estudia la Convivencia Social Comunitaria exitosa y de incumplimiento de los deberes y faltas de los miembros, las situaciones de conflicto presentados con la comunidad educativa para asesorar a la rector\u00eda o al Consejo Directivo en la toma de decisiones espec\u00edficas con base en directrices expuestas en la Ley 1620 del 15 de marzo de 2013.<\/p>\n<p>El Comit\u00e9 De Convivencia Institucional est\u00e1 conformado por:<\/p>\n<ul>\n<li>El rector(a) del establecimiento educativo, quien preside el comit\u00e9.<\/li>\n<li>El personero estudiantil.<\/li>\n<li>Orientador (a).<\/li>\n<li>El coordinador de Convivencia.<\/li>\n<li>Representante del consejo de padres de familia.<\/li>\n<li>Un docente que lidere procesos o estrategias de convivencia escolar por sede.<\/li>\n<\/ul>\n<p>El qu\u00f3rum del Comit\u00e9 Escolar de Convivencia estar\u00e1 constituido por la mitad m\u00e1s uno de sus integrantes.<br \/>\nEl comit\u00e9 podr\u00e1 invitar con voz, pero sin voto a un miembro de la comunidad educativa conocedor de los hechos, con el prop\u00f3sito de ampliar informaci\u00f3n.<\/p>\n","protected":false},"excerpt":{"rendered":"<p>La IEM Instituto T\u00e9cnico Industrial de Facataiv\u00e1 garantizar\u00e1 la procura del di\u00e1logo y la concertaci\u00f3n entre los padres de familia o acudientes, los funcionarios del Colegio y los estudiantes cuando se presenten situaciones de conflicto o desacuerdo. Asimismo, garantizar\u00e1 el debido proceso para la soluci\u00f3n de estas, siguiendo los conductos regulares establecidos. En los casos&hellip;<\/p>\n","protected":false},"author":1,"featured_media":0,"parent":63,"menu_order":6,"comment_status":"closed","ping_status":"closed","template":"","meta":[],"_links":{"self":[{"href":"https:\/\/itifistas.edu.co\/itif\/index.php\/wp-json\/wp\/v2\/pages\/93"}],"collection":[{"href":"https:\/\/itifistas.edu.co\/itif\/index.php\/wp-json\/wp\/v2\/pages"}],"about":[{"href":"https:\/\/itifistas.edu.co\/itif\/index.php\/wp-json\/wp\/v2\/types\/page"}],"author":[{"embeddable":true,"href":"https:\/\/itifistas.edu.co\/itif\/index.php\/wp-json\/wp\/v2\/users\/1"}],"replies":[{"embeddable":true,"href":"https:\/\/itifistas.edu.co\/itif\/index.php\/wp-json\/wp\/v2\/comments?post=93"}],"version-history":[{"count":4,"href":"https:\/\/itifistas.edu.co\/itif\/index.php\/wp-json\/wp\/v2\/pages\/93\/revisions"}],"predecessor-version":[{"id":4809,"href":"https:\/\/itifistas.edu.co\/itif\/index.php\/wp-json\/wp\/v2\/pages\/93\/revisions\/4809"}],"up":[{"embeddable":true,"href":"https:\/\/itifistas.edu.co\/itif\/index.php\/wp-json\/wp\/v2\/pages\/63"}],"wp:attachment":[{"href":"https:\/\/itifistas.edu.co\/itif\/index.php\/wp-json\/wp\/v2\/media?parent=93"}],"curies":[{"name":"wp","href":"https:\/\/api.w.org\/{rel}","templated":true}]}}