{"id":833,"date":"2019-10-03T15:39:26","date_gmt":"2019-10-03T15:39:26","guid":{"rendered":"http:\/\/itifistas.edu.co\/itif\/?page_id=833"},"modified":"2025-02-21T14:44:13","modified_gmt":"2025-02-21T14:44:13","slug":"programa-alimentacion","status":"publish","type":"page","link":"https:\/\/itifistas.edu.co\/itif\/index.php\/servicios\/programa-alimentacion\/","title":{"rendered":"Programa de Alimentaci\u00f3n Escolar"},"content":{"rendered":"<div id=\"pl-833\"  class=\"panel-layout\" ><div id=\"pg-833-0\"  class=\"panel-grid panel-no-style\" ><div id=\"pgc-833-0-0\"  class=\"panel-grid-cell\" ><div id=\"panel-833-0-0-0\" class=\"so-panel widget widget_sow-editor panel-first-child\" data-index=\"0\" ><div class=\"so-widget-sow-editor so-widget-sow-editor-base\">\n<div class=\"siteorigin-widget-tinymce textwidget\">\n\t<p>&nbsp;<\/p>\n<blockquote>\n<p>Nuestra instituci\u00f3n es beneficiada por el Programa de Alimentaci\u00f3n Escolar PAE, el cual tiene como finalidad entregar diariamente servicios de alimentaci\u00f3n (Complemento de desayuno y Refrigerio tipo almuerzo) a los estudiantes.<\/p>\n<\/blockquote>\n<\/div>\n<\/div><\/div><div id=\"panel-833-0-0-1\" class=\"so-panel widget widget_sow-editor\" data-index=\"1\" ><div class=\"so-widget-sow-editor so-widget-sow-editor-base\">\n<div class=\"siteorigin-widget-tinymce textwidget\">\n\t<h5>Las sedes beneficiadas de este programa son:<\/h5>\n<table style=\"width: 100%; border-collapse: collapse; border-style: dotted; border-color: #009045; background-color: #e0e0e0;\" border=\"1\">\n<tbody>\n<tr>\n<td style=\"width: 50%; padding-left: 40px;\"><strong>SEDE<\/strong><\/td>\n<td style=\"width: 50%; padding-left: 40px;\"><strong>HORARIO DE ATENCI\u00d3N A ESTUDIANTES<\/strong><\/td>\n<\/tr>\n<tr>\n<td style=\"width: 50%; padding-left: 40px;\">Pueblo Viejo - (Ofrece refrigerio Tipo Almuerzo)<\/td>\n<td style=\"width: 50%; padding-left: 40px;\">11:30 am a 12:30 m<\/td>\n<\/tr>\n<tr>\n<td style=\"width: 50%; padding-left: 40px;\">Rafael Pombo Grados Preescolar - (Ofrece Refrigerio Tipo Almuerzo)<\/td>\n<td style=\"width: 50%; padding-left: 40px;\">11:00 am a 11:30 am<\/td>\n<\/tr>\n<tr>\n<td style=\"width: 50%; padding-left: 40px;\">Rafael Pombo Grados Primero a Quinto (Ofrece refrigerio)<\/td>\n<td style=\"width: 50%; padding-left: 40px;\">8:00am a 09:00am<\/td>\n<\/tr>\n<tr>\n<td style=\"width: 50%; padding-left: 40px;\">Centro (Ofrece refrigerio)<\/td>\n<td style=\"width: 50%; padding-left: 40px;\">09:00 a.m. a 10:15 a.m.<\/td>\n<\/tr>\n<tr>\n<td style=\"width: 50%; padding-left: 40px;\">Talleres - (Ofrece refrigerio Tipo Almuerzo)<\/td>\n<td style=\"width: 50%; padding-left: 40px;\">12:00 m a 12:30 m<\/td>\n<\/tr>\n<\/tbody>\n<\/table>\n<\/div>\n<\/div><\/div><div id=\"panel-833-0-0-2\" class=\"so-panel widget widget_sow-editor panel-last-child\" data-index=\"2\" ><div class=\"so-widget-sow-editor so-widget-sow-editor-base\">\n<div class=\"siteorigin-widget-tinymce textwidget\">\n\t\r\n<style>\r\n.hybgl-metro-833-1 .hybgl-prl1-double-bounce1,\r\n.hybgl-metro-833-1 .hybgl-prl1-double-bounce2,\r\n.hybgl-metro-833-1 .hybgl-prl2-spinner,\r\n.hybgl-metro-833-1 .hybgl-prl3-spinner > div,\r\n.hybgl-metro-833-1 .hybgl-prl4-sk-folding-cube .hybgl-prl4-sk-cube:before,\r\n.hybgl-metro-833-1 .hybgl-prl5-cube1, .hybgl-prl5-cube2,\r\n.hybgl-metro-833-1 .hybgl-prl6-dot1, .hybgl-prl6-dot2,\r\n.hybgl-metro-833-1 .hybgl-prl7-spinner > div,\r\n.hybgl-metro-833-1 .hybgl-prl8-sk-circle .hybgl-prl8-sk-child:before,\r\n.hybgl-metro-833-1 .hybgl-prl9-sk-cube-grid .hybgl-prl9-sk-cube,\r\n.hybgl-metro-833-1 .hybgl-prl10-pacman>div:nth-child(3),\r\n.hybgl-metro-833-1 .hybgl-prl10-pacman>div:nth-child(4),\r\n.hybgl-metro-833-1 .hybgl-prl10-pacman>div:nth-child(5),\r\n.hybgl-metro-833-1 .hybgl-prl10-pacman>div:nth-child(6),\r\n.hybgl-metro-833-1.hybgl-style-1 .hybgl-button i,\r\n.hybgl-metro-833-1.hybgl-style-1 .hybgl-item-meta,\r\n.hybgl-metro-833-1.hybgl-style-3 .hybgl-item-inner:before,\r\n.hybgl-metro-833-1 .hybgl-filter-label:hover,\r\n.hybgl-metro-833-1 .hybgl-filter-label-active,\r\n.hybgl-metro-833-1 .hybgl-filter-label:before {\r\n    background: #78af00;\r\n}\r\n\r\n.hybgl-metro-833-1 .hybgl-pagin-num-page:hover,\r\n.hybgl-metro-833-1 .hybgl-pagin-cs-page:hover,\r\n.hybgl-metro-833-1.hybgl-style-2.hybgl-buttons-show .hybgl-item-inner:before {\r\n    background: #78af00;\r\n    background: rgba(120,175,0,0.5);\r\n}\r\n\r\n.hybgl-metro-833-1 .hybgl-prl10-pacman>div:first-of-type,\r\n.hybgl-metro-833-1 .hybgl-prl10-pacman>div:nth-child(2) {\r\n    border-top-color: #78af00;\r\n    border-left-color: #78af00;\r\n    border-bottom-color: #78af00;\r\n}\r\n\r\n.hybgl-metro-833-1 .hybgl-filter-label,\r\n.hybgl-metro-833-1 .hybgl-pagin-num-page:hover,\r\n.hybgl-metro-833-1 .hybgl-pagin-cs-page:hover {\r\n    border-color: #78af00;\r\n}\r\n\r\n.hybgl-metro-833-1 .hybgl-filter-label,\r\n.hybgl-metro-833-1.hybgl-style-2.hybgl-click-action-lb-link .hybgl-button i:hover,\r\n.hybgl-metro-833-1.hybgl-style-3 .hybgl-button i,\r\n.hybgl-metro-833-1.hybgl-style-4 .hybgl-button i,\r\n.hybgl-metro-833-1.hybgl-style-4 .hybgl-item-meta .hybgl-item-meta-title {\r\n    color: #78af00;\r\n}\r\n\r\n.hybgl-metro-833-1 .hybgl-filter-label:hover,\r\n.hybgl-metro-833-1 .hybgl-filter-label-active {\r\n    color: #fff;\r\n}\r\n\r\n.hybgl-metro-833-1 .hybgl-filter-label-active:before {\r\n    background: #fff;\r\n}\r\n<\/style>\r\n\r\n<!-- Start Hybrid Gallery --><div class=\"hybgl-box hybgl-mode-grid hybgl-layout-metro hybgl-size-equal hybgl-lightbox hybgl-lightbox-lib-mp hybgl-click-action-lb hybgl-style-1 hybgl-buttons-hide hybgl-extra-animation hybgl-metro-833-1 hybgl-clearfix\" data-id=\"833\" data-selector=\"hybgl-metro-833-1\" data-mode=\"isotope\" data-layout=\"metro\" data-metro-style=\"1\" data-size=\"equal\" data-cols=\"3\" data-gap-x=\"10\" data-gap-y=\"10\" data-ratio=\"1-1\" data-lightbox=\"mp\" data-style=\"1\" data-animation=\"fadeInUp\" data-loader-delay=\"300\" data-design=\"{#w_vl#:#100#,#w_un#:#pc#,#align#:#none#}\" data-res=\"{#1024#:{#w#:#auto#,#w_vl#:#100#,#w_un#:#pc#,#cols#:#auto#,#align#:#auto#},#800#:{#w#:#auto#,#w_vl#:#100#,#w_un#:#pc#,#cols#:#auto#,#align#:#auto#},#768#:{#w#:#auto#,#w_vl#:#100#,#w_un#:#pc#,#cols#:#auto#,#align#:#auto#},#600#:{#w#:#auto#,#w_vl#:#100#,#w_un#:#pc#,#cols#:#auto#,#align#:#auto#},#480#:{#w#:#auto#,#w_vl#:#100#,#w_un#:#pc#,#cols#:#auto#,#align#:#auto#}}\"><div class=\"hybgl-loader hybgl-loader-center hybgl-clearfix hybgl-prl1-bounce-loader\"><div class=\"hybgl-prl1-spinner\"><div class=\"hybgl-prl1-double-bounce1\"><\/div><div class=\"hybgl-prl1-double-bounce2\"><\/div><\/div><\/div><div class=\"hybgl-wrapper hybgl-clearfix\"><div class=\"hybgl-container hybgl-clearfix\"><div class=\"hybgl-item\" data-w=\"1600\" data-h=\"1200\"><div class=\"hybgl-item-wrapper\"><div class=\"hybgl-item-overlay\"><div class=\"hybgl-item-overlay-inner\"><div class=\"hybgl-item-inner\" style=\"background-image:url(https:\/\/itifistas.edu.co\/itif\/wp-content\/uploads\/2025\/02\/WhatsApp-Image-2025-02-20-at-11.37.44-AM-1-1280x960.jpeg);\"><\/div><\/div><\/div><a class=\"hybgl-button hybgl-button-action-zoom hybgl-button-style-full mfp-image\" href=\"https:\/\/itifistas.edu.co\/itif\/wp-content\/uploads\/2025\/02\/WhatsApp-Image-2025-02-20-at-11.37.44-AM-1.jpeg\" title=\"WhatsApp Image 2025-02-20 at 11.37.44 AM (1)\" data-descr=\"\"><\/a><\/div><\/div><div class=\"hybgl-item\" data-w=\"1600\" data-h=\"1200\"><div class=\"hybgl-item-wrapper\"><div class=\"hybgl-item-overlay\"><div class=\"hybgl-item-overlay-inner\"><div class=\"hybgl-item-inner\" style=\"background-image:url(https:\/\/itifistas.edu.co\/itif\/wp-content\/uploads\/2025\/02\/WhatsApp-Image-2025-02-20-at-11.37.44-AM-2-1280x960.jpeg);\"><\/div><\/div><\/div><a class=\"hybgl-button hybgl-button-action-zoom hybgl-button-style-full mfp-image\" href=\"https:\/\/itifistas.edu.co\/itif\/wp-content\/uploads\/2025\/02\/WhatsApp-Image-2025-02-20-at-11.37.44-AM-2.jpeg\" title=\"WhatsApp Image 2025-02-20 at 11.37.44 AM (2)\" data-descr=\"\"><\/a><\/div><\/div><div class=\"hybgl-item\" data-w=\"1600\" data-h=\"1200\"><div class=\"hybgl-item-wrapper\"><div class=\"hybgl-item-overlay\"><div class=\"hybgl-item-overlay-inner\"><div class=\"hybgl-item-inner\" style=\"background-image:url(https:\/\/itifistas.edu.co\/itif\/wp-content\/uploads\/2025\/02\/WhatsApp-Image-2025-02-20-at-11.37.44-AM-3-1280x960.jpeg);\"><\/div><\/div><\/div><a class=\"hybgl-button hybgl-button-action-zoom hybgl-button-style-full mfp-image\" href=\"https:\/\/itifistas.edu.co\/itif\/wp-content\/uploads\/2025\/02\/WhatsApp-Image-2025-02-20-at-11.37.44-AM-3.jpeg\" title=\"WhatsApp Image 2025-02-20 at 11.37.44 AM (3)\" data-descr=\"\"><\/a><\/div><\/div><div class=\"hybgl-item\" data-w=\"1200\" data-h=\"1600\"><div class=\"hybgl-item-wrapper\"><div class=\"hybgl-item-overlay\"><div class=\"hybgl-item-overlay-inner\"><div class=\"hybgl-item-inner\" style=\"background-image:url(https:\/\/itifistas.edu.co\/itif\/wp-content\/uploads\/2025\/02\/WhatsApp-Image-2025-02-20-at-11.37.44-AM.jpeg);\"><\/div><\/div><\/div><a class=\"hybgl-button hybgl-button-action-zoom hybgl-button-style-full mfp-image\" href=\"https:\/\/itifistas.edu.co\/itif\/wp-content\/uploads\/2025\/02\/WhatsApp-Image-2025-02-20-at-11.37.44-AM.jpeg\" title=\"WhatsApp Image 2025-02-20 at 11.37.44 AM\" data-descr=\"\"><\/a><\/div><\/div><div class=\"hybgl-item\" data-w=\"1200\" data-h=\"1600\"><div class=\"hybgl-item-wrapper\"><div class=\"hybgl-item-overlay\"><div class=\"hybgl-item-overlay-inner\"><div class=\"hybgl-item-inner\" style=\"background-image:url(https:\/\/itifistas.edu.co\/itif\/wp-content\/uploads\/2025\/02\/WhatsApp-Image-2025-02-20-at-11.56.05-AM-1.jpeg);\"><\/div><\/div><\/div><a class=\"hybgl-button hybgl-button-action-zoom hybgl-button-style-full mfp-image\" href=\"https:\/\/itifistas.edu.co\/itif\/wp-content\/uploads\/2025\/02\/WhatsApp-Image-2025-02-20-at-11.56.05-AM-1.jpeg\" title=\"WhatsApp Image 2025-02-20 at 11.56.05 AM (1)\" data-descr=\"\"><\/a><\/div><\/div><div class=\"hybgl-item\" data-w=\"1600\" data-h=\"1200\"><div class=\"hybgl-item-wrapper\"><div class=\"hybgl-item-overlay\"><div class=\"hybgl-item-overlay-inner\"><div class=\"hybgl-item-inner\" style=\"background-image:url(https:\/\/itifistas.edu.co\/itif\/wp-content\/uploads\/2025\/02\/WhatsApp-Image-2025-02-20-at-11.56.05-AM-2-1280x960.jpeg);\"><\/div><\/div><\/div><a class=\"hybgl-button hybgl-button-action-zoom hybgl-button-style-full mfp-image\" href=\"https:\/\/itifistas.edu.co\/itif\/wp-content\/uploads\/2025\/02\/WhatsApp-Image-2025-02-20-at-11.56.05-AM-2.jpeg\" title=\"WhatsApp Image 2025-02-20 at 11.56.05 AM (2)\" data-descr=\"\"><\/a><\/div><\/div><div class=\"hybgl-item\" data-w=\"1200\" data-h=\"1600\"><div class=\"hybgl-item-wrapper\"><div class=\"hybgl-item-overlay\"><div class=\"hybgl-item-overlay-inner\"><div class=\"hybgl-item-inner\" style=\"background-image:url(https:\/\/itifistas.edu.co\/itif\/wp-content\/uploads\/2025\/02\/WhatsApp-Image-2025-02-20-at-11.56.05-AM.jpeg);\"><\/div><\/div><\/div><a class=\"hybgl-button hybgl-button-action-zoom hybgl-button-style-full mfp-image\" href=\"https:\/\/itifistas.edu.co\/itif\/wp-content\/uploads\/2025\/02\/WhatsApp-Image-2025-02-20-at-11.56.05-AM.jpeg\" title=\"WhatsApp Image 2025-02-20 at 11.56.05 AM\" data-descr=\"\"><\/a><\/div><\/div><div class=\"hybgl-item\" data-w=\"1600\" data-h=\"1200\"><div class=\"hybgl-item-wrapper\"><div class=\"hybgl-item-overlay\"><div class=\"hybgl-item-overlay-inner\"><div class=\"hybgl-item-inner\" style=\"background-image:url(https:\/\/itifistas.edu.co\/itif\/wp-content\/uploads\/2025\/02\/WhatsApp-Image-2025-02-21-at-8.36.38-AM-1280x960.jpeg);\"><\/div><\/div><\/div><a class=\"hybgl-button hybgl-button-action-zoom hybgl-button-style-full mfp-image\" href=\"https:\/\/itifistas.edu.co\/itif\/wp-content\/uploads\/2025\/02\/WhatsApp-Image-2025-02-21-at-8.36.38-AM.jpeg\" title=\"WhatsApp Image 2025-02-21 at 8.36.38 AM\" data-descr=\"\"><\/a><\/div><\/div><div class=\"hybgl-item\" data-w=\"1200\" data-h=\"1600\"><div class=\"hybgl-item-wrapper\"><div class=\"hybgl-item-overlay\"><div class=\"hybgl-item-overlay-inner\"><div class=\"hybgl-item-inner\" style=\"background-image:url(https:\/\/itifistas.edu.co\/itif\/wp-content\/uploads\/2025\/02\/WhatsApp-Image-2025-02-21-at-8.36.39-AM.jpeg);\"><\/div><\/div><\/div><a class=\"hybgl-button hybgl-button-action-zoom hybgl-button-style-full mfp-image\" href=\"https:\/\/itifistas.edu.co\/itif\/wp-content\/uploads\/2025\/02\/WhatsApp-Image-2025-02-21-at-8.36.39-AM.jpeg\" title=\"WhatsApp Image 2025-02-21 at 8.36.39 AM\" data-descr=\"\"><\/a><\/div><\/div><\/div><\/div><\/div><!-- End Hybrid Gallery -->\n<\/div>\n<\/div><\/div><\/div><\/div><\/div>","protected":false},"excerpt":{"rendered":"<p>&nbsp; Nuestra instituci\u00f3n es beneficiada por el Programa de Alimentaci\u00f3n Escolar PAE, el cual tiene como finalidad entregar diariamente servicios de alimentaci\u00f3n (Complemento de desayuno y Refrigerio tipo almuerzo) a los estudiantes. Las sedes beneficiadas de este programa son: SEDE HORARIO DE ATENCI\u00d3N A ESTUDIANTES Pueblo Viejo &#8211; (Ofrece refrigerio Tipo Almuerzo) 11:30 am a&hellip;<\/p>\n","protected":false},"author":1,"featured_media":0,"parent":61,"menu_order":7,"comment_status":"closed","ping_status":"closed","template":"","meta":[],"_links":{"self":[{"href":"https:\/\/itifistas.edu.co\/itif\/index.php\/wp-json\/wp\/v2\/pages\/833"}],"collection":[{"href":"https:\/\/itifistas.edu.co\/itif\/index.php\/wp-json\/wp\/v2\/pages"}],"about":[{"href":"https:\/\/itifistas.edu.co\/itif\/index.php\/wp-json\/wp\/v2\/types\/page"}],"author":[{"embeddable":true,"href":"https:\/\/itifistas.edu.co\/itif\/index.php\/wp-json\/wp\/v2\/users\/1"}],"replies":[{"embeddable":true,"href":"https:\/\/itifistas.edu.co\/itif\/index.php\/wp-json\/wp\/v2\/comments?post=833"}],"version-history":[{"count":6,"href":"https:\/\/itifistas.edu.co\/itif\/index.php\/wp-json\/wp\/v2\/pages\/833\/revisions"}],"predecessor-version":[{"id":3427,"href":"https:\/\/itifistas.edu.co\/itif\/index.php\/wp-json\/wp\/v2\/pages\/833\/revisions\/3427"}],"up":[{"embeddable":true,"href":"https:\/\/itifistas.edu.co\/itif\/index.php\/wp-json\/wp\/v2\/pages\/61"}],"wp:attachment":[{"href":"https:\/\/itifistas.edu.co\/itif\/index.php\/wp-json\/wp\/v2\/media?parent=833"}],"curies":[{"name":"wp","href":"https:\/\/api.w.org\/{rel}","templated":true}]}}