{"id":81,"date":"2019-09-09T16:37:45","date_gmt":"2019-09-09T16:37:45","guid":{"rendered":"http:\/\/itifistas.edu.co\/itif\/?page_id=81"},"modified":"2023-04-28T23:15:39","modified_gmt":"2023-04-28T23:15:39","slug":"consejo-directivo","status":"publish","type":"page","link":"https:\/\/itifistas.edu.co\/itif\/index.php\/gobierno-escolar\/consejo-directivo\/","title":{"rendered":"Consejo Directivo"},"content":{"rendered":"<div id=\"pl-81\"  class=\"panel-layout\" ><div id=\"pg-81-0\"  class=\"panel-grid panel-no-style\" ><div id=\"pgc-81-0-0\"  class=\"panel-grid-cell\" ><div id=\"panel-81-0-0-0\" class=\"so-panel widget widget_sow-editor panel-first-child\" data-index=\"0\" ><div class=\"so-widget-sow-editor so-widget-sow-editor-base\">\n<div class=\"siteorigin-widget-tinymce textwidget\">\n\t<h1 style=\"text-align: center;\">CONSEJO DIRECTIVO<\/h1>\n<p>El Consejo Directivo es la instancia directiva de participaci\u00f3n de la comunidad educativa en la orientaci\u00f3n acad\u00e9mica, comportamental y administrativa de la instituci\u00f3n.<\/p>\n<\/div>\n<\/div><\/div><div id=\"panel-81-0-0-1\" class=\"so-panel widget widget_sow-editor panel-last-child\" data-index=\"1\" ><div class=\"so-widget-sow-editor so-widget-sow-editor-base\">\n<div class=\"siteorigin-widget-tinymce textwidget\">\n\t<h4>FUNCIONES DEL CONSEJO DIRECTIVO:<\/h4>\n<ol>\n<li>Tomar decisiones que afecten el buen funcionamiento de la Instituci\u00f3n y que sean de su competencia.<\/li>\n<li>Servir de instancia para resolver los conflictos que se presenten entre docentes y administrativos con los estudiantes del Instituto y despu\u00e9s de haber agotado los procedimientos previstos en el Reglamento y Manual de Convivencia Social Comunitaria.<\/li>\n<li>Adoptar el PEI, el Reglamento de la instituci\u00f3n, Plan Operativo y Manual de Convivencia Social Comunitaria Institucional de conformidad con las normas vigentes.<\/li>\n<li>Fijar los criterios para la asignaci\u00f3n de cupos disponibles en la admisi\u00f3n de estudiantes nuevos.<\/li>\n<li>Asumir la defensa y garant\u00eda de los derechos de toda la comunidad educativa cuando alguno de los miembros se sienta lesionado.<\/li>\n<li>Aprobar el plan anual de actualizaci\u00f3n acad\u00e9mica del personal docente presentado por el Rector.<\/li>\n<li>Participar en la planeaci\u00f3n y evaluaci\u00f3n del Proyecto Educativo Institucional del Curr\u00edculo y del Plan de Estudios y someterlos a la consideraci\u00f3n de la Secretaria de Educaci\u00f3n respectiva o del organismo que haga sus veces para que verifique el cumplimiento de los requisitos establecidos en la ley y los reglamentos.<\/li>\n<li>Estimular y controlar el buen funcionamiento de la Instituci\u00f3n.<\/li>\n<li>Establecer est\u00edmulos y sanciones para el desempe\u00f1o acad\u00e9mico y social de estudiantes que han de incorporarse al Reglamento o Manual de Convivencia Social Comunitaria.<\/li>\n<li>Participar en la evaluaci\u00f3n anual de docentes, directivos docentes, y personal administrativo de la Instituci\u00f3n.<\/li>\n<li>Recomendar criterios de participaci\u00f3n de la Instituci\u00f3n en actividades comunitarias, culturales, deportivas, y recreativas, municipales y regionales.<\/li>\n<li>Establecer el procedimiento para el uso de las instalaciones en actividades educativas, culturales, recreativas, deportivas, y sociales de la respectiva comunidad educativa.<\/li>\n<li>Promover las relaciones de tipo acad\u00e9mico, deportivo, y cultural con otras instituciones educativas y la conformaci\u00f3n de organizaciones juveniles.<\/li>\n<li>Fomentar la conformaci\u00f3n de Asociaciones de Padres de Familia y de estudiantes.<\/li>\n<li>Reglamentar los procesos electorales previstos en el Decreto 1860 DE 1994.<\/li>\n<li>Aprobar el presupuesto de ingresos y gastos de los recursos propios y los provenientes de pagos legalmente autorizados y efectuados por los padres de familia y responsables de la educaci\u00f3n de los estudiantes.<\/li>\n<li>Darse su propio reglamento<\/li>\n<li>Programar sesiones peri\u00f3dicas ordinarias y extraordinarias.<\/li>\n<\/ol>\n<\/div>\n<\/div><\/div><\/div><\/div><\/div>","protected":false},"excerpt":{"rendered":"<p>CONSEJO DIRECTIVO El Consejo Directivo es la instancia directiva de participaci\u00f3n de la comunidad educativa en la orientaci\u00f3n acad\u00e9mica, comportamental y administrativa de la instituci\u00f3n. FUNCIONES DEL CONSEJO DIRECTIVO: Tomar decisiones que afecten el buen funcionamiento de la Instituci\u00f3n y que sean de su competencia. Servir de instancia para resolver los conflictos que se presenten&hellip;<\/p>\n","protected":false},"author":1,"featured_media":0,"parent":63,"menu_order":2,"comment_status":"closed","ping_status":"closed","template":"","meta":[],"_links":{"self":[{"href":"https:\/\/itifistas.edu.co\/itif\/index.php\/wp-json\/wp\/v2\/pages\/81"}],"collection":[{"href":"https:\/\/itifistas.edu.co\/itif\/index.php\/wp-json\/wp\/v2\/pages"}],"about":[{"href":"https:\/\/itifistas.edu.co\/itif\/index.php\/wp-json\/wp\/v2\/types\/page"}],"author":[{"embeddable":true,"href":"https:\/\/itifistas.edu.co\/itif\/index.php\/wp-json\/wp\/v2\/users\/1"}],"replies":[{"embeddable":true,"href":"https:\/\/itifistas.edu.co\/itif\/index.php\/wp-json\/wp\/v2\/comments?post=81"}],"version-history":[{"count":11,"href":"https:\/\/itifistas.edu.co\/itif\/index.php\/wp-json\/wp\/v2\/pages\/81\/revisions"}],"predecessor-version":[{"id":1128,"href":"https:\/\/itifistas.edu.co\/itif\/index.php\/wp-json\/wp\/v2\/pages\/81\/revisions\/1128"}],"up":[{"embeddable":true,"href":"https:\/\/itifistas.edu.co\/itif\/index.php\/wp-json\/wp\/v2\/pages\/63"}],"wp:attachment":[{"href":"https:\/\/itifistas.edu.co\/itif\/index.php\/wp-json\/wp\/v2\/media?parent=81"}],"curies":[{"name":"wp","href":"https:\/\/api.w.org\/{rel}","templated":true}]}}