{"id":77,"date":"2019-09-09T16:36:44","date_gmt":"2019-09-09T16:36:44","guid":{"rendered":"http:\/\/itifistas.edu.co\/itif\/?page_id=77"},"modified":"2026-02-20T15:55:09","modified_gmt":"2026-02-20T15:55:09","slug":"horarios-de-atencion","status":"publish","type":"page","link":"https:\/\/itifistas.edu.co\/itif\/index.php\/servicios\/horarios-de-atencion\/","title":{"rendered":"Horarios de atenci\u00f3n:"},"content":{"rendered":"<div id=\"pl-77\"  class=\"panel-layout\" ><div id=\"pg-77-0\"  class=\"panel-grid panel-no-style\" ><div id=\"pgc-77-0-0\"  class=\"panel-grid-cell\" ><div id=\"panel-77-0-0-0\" class=\"so-panel widget widget_sow-editor panel-first-child\" data-index=\"0\" ><div class=\"so-widget-sow-editor so-widget-sow-editor-base\">\n<div class=\"siteorigin-widget-tinymce textwidget\">\n\t<table style=\"height: 214px; width: 100%; border-collapse: collapse; border-style: dotted; border-color: #009045; background-color: #e8e8e8;\" border=\"1\">\n<tbody>\n<tr style=\"height: 25px;\">\n<td style=\"width: 31.0526%; height: 25px; padding-left: 40px;\"><strong>DEPENDENCIAS Y SEDES<\/strong><\/td>\n<td style=\"width: 68.9474%; height: 25px; padding-left: 40px;\"><strong>HORARIO DE ATENCI\u00d3N A PADRES DE FAMILIA<\/strong><\/td>\n<\/tr>\n<tr style=\"height: 39px;\">\n<td style=\"width: 31.0526%; height: 39px; padding-left: 40px;\">RECTOR\u00cdA<\/td>\n<td style=\"width: 68.9474%; height: 39px;\">\n<p style=\"padding-left: 40px;\">El Horario de atenci\u00f3n es permanente entre las sedes.<br \/>\nPor atenci\u00f3n a las cuatro sedes si se necesita una cita en particular, por favor solicitarla en la porter\u00eda de la sede centro.<\/p>\n<\/td>\n<\/tr>\n<tr style=\"height: 25px;\">\n<td style=\"width: 31.0526%; height: 25px; padding-left: 40px;\">SECRETAR\u00cdA ACAD\u00c9MICA<\/td>\n<td style=\"width: 68.9474%; height: 25px;\">\n<p style=\"padding-left: 40px;\">Lunes-Mi\u00e9rcoles y Viernes de 9:00 am a 10:30 am y de 2:00pm a 3:30 pm<\/p>\n<p style=\"padding-left: 40px;\">(Ubicada en la Sede Centro Carrera 5 No 9-45)<\/p>\n<\/td>\n<\/tr>\n<tr style=\"height: 25px;\">\n<td style=\"width: 31.0526%; height: 25px; padding-left: 40px;\">SEDE CENTRO<\/td>\n<td style=\"width: 68.9474%; height: 25px;\">\n<p style=\"padding-left: 40px;\">Lunes a viernes de 6:00 a.m. a 1:00 p.m.<\/p>\n<p style=\"padding-left: 40px;\"><span style=\"color: #009045;\"><strong>Coordinadora:\u00a0<\/strong><\/span>Eliana Charry \u2013Coordinadora Acad\u00e9mica y de Convivencia.<\/p>\n<\/td>\n<\/tr>\n<tr style=\"height: 25px;\">\n<td style=\"width: 31.0526%; height: 25px; padding-left: 40px;\">SEDE RAFAEL POMBO<\/td>\n<td style=\"width: 68.9474%; height: 25px; padding-left: 40px;\">Lunes a Viernes 7:00 a.m. a 12:00 m.<\/p>\n<p><span style=\"color: #009045;\"><strong>Coordinadora: <\/strong><\/span>. Stella Sierra \u2013Coordinadora Acad\u00e9mica y de Convivencia.<\/p>\n<\/td>\n<\/tr>\n<tr style=\"height: 25px;\">\n<td style=\"width: 31.0526%; height: 25px; padding-left: 40px;\">SEDE PUEBLO VIEJO<\/td>\n<td style=\"width: 68.9474%; height: 25px; padding-left: 40px;\">Se programa seg\u00fan necesidad.<\/p>\n<p><span style=\"color: #009045;\"><strong>Docentes:<\/strong><\/span><\/p>\n<p>Hernando Sanabria Herrera.<br \/>\nWilson Herrera Guti\u00e9rrez.<br \/>\nEdith Estrada Alarc\u00f3n.<\/p>\n<\/td>\n<\/tr>\n<tr style=\"height: 25px;\">\n<td style=\"width: 31.0526%; height: 25px; padding-left: 40px;\">SEDE TALLERES<\/td>\n<td style=\"width: 68.9474%; height: 25px; padding-left: 40px;\">Lunes y Miercoles de 7:00 a.m. a 8:30 a.m.<\/p>\n<p><span style=\"color: #009045;\"><strong>Coordinador:\u00a0<\/strong><\/span>Sergio Parra Vega - Coordinador Acad\u00e9mico.<\/p>\n<\/td>\n<\/tr>\n<\/tbody>\n<\/table>\n<div class=\"host-lopnbnfpjmgpbppclhclehhgafnifija\" style=\"position: relative; z-index: 2147483647;\"><\/div>\n<div class=\"host-lopnbnfpjmgpbppclhclehhgafnifija\" style=\"position: relative; z-index: 2147483647;\"><\/div>\n<\/div>\n<\/div><\/div><div id=\"panel-77-0-0-1\" class=\"so-panel widget widget_sow-editor\" data-index=\"1\" ><div class=\"so-widget-sow-editor so-widget-sow-editor-base\"><h3 class=\"widget-title\">Consulte los horarios de atenci\u00f2n de nuestros docentes. (Sede centro y talleres)<\/h3>\n<div class=\"siteorigin-widget-tinymce textwidget\">\n\t<a href=\"https:\/\/itifistas.edu.co\/itif\/wp-content\/uploads\/2026\/02\/HORARIOS-ANTENCION-A-PADRES-CENTRO-Y-TALLERES.pdf\" class=\"pdfemb-viewer\" style=\"\" data-width=\"max\" data-height=\"max\"  data-toolbar=\"bottom\" data-toolbar-fixed=\"off\">HORARIOS ANTENCION A PADRES CENTRO Y TALLERES<br\/><\/a>\n<p>&nbsp;<\/p>\n<div class=\"host-lopnbnfpjmgpbppclhclehhgafnifija\" style=\"position: relative; z-index: 2147483647;\"><\/div>\n<\/div>\n<\/div><\/div><div id=\"panel-77-0-0-2\" class=\"so-panel widget widget_sow-button panel-last-child\" data-index=\"2\" ><div class=\"so-widget-sow-button so-widget-sow-button-atom-31b3c7c7ff1e\"><div class=\"ow-button-base ow-button-align-center\">\n\t<a href=\"https:\/\/itifistas.edu.co\/itif\/wp-content\/uploads\/2026\/02\/HORARIOS-ANTENCION-A-PADRES-CENTRO-Y-TALLERES.pdf\" class=\"ow-icon-placement-left ow-button-hover\" target=\"_blank\" rel=\"noopener noreferrer\" \t\t>\n\t\t<span>\n\t\t\t\n\t\t\tHorario de atenci\u00f2n DOCENTES Sede Centro y talleres- Versi\u00f2n PDF\t\t<\/span>\n\t<\/a>\n<\/div>\n<\/div><\/div><\/div><\/div><\/div>","protected":false},"excerpt":{"rendered":"<p>DEPENDENCIAS Y SEDES HORARIO DE ATENCI\u00d3N A PADRES DE FAMILIA RECTOR\u00cdA El Horario de atenci\u00f3n es permanente entre las sedes. Por atenci\u00f3n a las cuatro sedes si se necesita una cita en particular, por favor solicitarla en la porter\u00eda de la sede centro. SECRETAR\u00cdA ACAD\u00c9MICA Lunes-Mi\u00e9rcoles y Viernes de 9:00 am a 10:30 am y&hellip;<\/p>\n","protected":false},"author":1,"featured_media":0,"parent":61,"menu_order":6,"comment_status":"closed","ping_status":"closed","template":"","meta":[],"_links":{"self":[{"href":"https:\/\/itifistas.edu.co\/itif\/index.php\/wp-json\/wp\/v2\/pages\/77"}],"collection":[{"href":"https:\/\/itifistas.edu.co\/itif\/index.php\/wp-json\/wp\/v2\/pages"}],"about":[{"href":"https:\/\/itifistas.edu.co\/itif\/index.php\/wp-json\/wp\/v2\/types\/page"}],"author":[{"embeddable":true,"href":"https:\/\/itifistas.edu.co\/itif\/index.php\/wp-json\/wp\/v2\/users\/1"}],"replies":[{"embeddable":true,"href":"https:\/\/itifistas.edu.co\/itif\/index.php\/wp-json\/wp\/v2\/comments?post=77"}],"version-history":[{"count":60,"href":"https:\/\/itifistas.edu.co\/itif\/index.php\/wp-json\/wp\/v2\/pages\/77\/revisions"}],"predecessor-version":[{"id":4791,"href":"https:\/\/itifistas.edu.co\/itif\/index.php\/wp-json\/wp\/v2\/pages\/77\/revisions\/4791"}],"up":[{"embeddable":true,"href":"https:\/\/itifistas.edu.co\/itif\/index.php\/wp-json\/wp\/v2\/pages\/61"}],"wp:attachment":[{"href":"https:\/\/itifistas.edu.co\/itif\/index.php\/wp-json\/wp\/v2\/media?parent=77"}],"curies":[{"name":"wp","href":"https:\/\/api.w.org\/{rel}","templated":true}]}}