{"id":67,"date":"2019-09-09T16:33:51","date_gmt":"2019-09-09T16:33:51","guid":{"rendered":"http:\/\/itifistas.edu.co\/itif\/?page_id=67"},"modified":"2025-02-20T15:51:30","modified_gmt":"2025-02-20T15:51:30","slug":"secretaria-academica","status":"publish","type":"page","link":"https:\/\/itifistas.edu.co\/itif\/index.php\/servicios\/secretaria-academica\/","title":{"rendered":"Secretar\u00eda Acad\u00e9mica"},"content":{"rendered":"<p>La Secretar\u00eda Acad\u00e9mica es el eje de la gesti\u00f3n educativa en nuestra instituci\u00f3n. Se encarga de coordinar y supervisar los procesos acad\u00e9micos, garantizando el cumplimiento del curr\u00edculo, la organizaci\u00f3n de horarios y evaluaciones, y la atenci\u00f3n a estudiantes, docentes y familias. Adem\u00e1s, facilita tr\u00e1mites como matr\u00edculas, certificados y constancias, asegurando un servicio eficiente y transparente.<\/p>\n<p>Nuestro compromiso es brindar apoyo para el desarrollo acad\u00e9mico y administrativo, contribuyendo al crecimiento integral.<\/p>\n<table style=\"border-collapse: collapse; width: 100%;\" border=\"1\">\n<tbody>\n<tr>\n<td style=\"width: 50%; text-align: center;\"><strong>HORARIO DE ATENCI\u00d2N.<\/strong><\/td>\n<td style=\"width: 50%; text-align: center;\"><strong>CONTACTO<\/strong><\/td>\n<\/tr>\n<tr>\n<td style=\"width: 50%;\">Lunes a Viernes:<\/p>\n<ul>\n<li>07:30 a.m. a 08:50 a.m.<\/li>\n<li>09:30 a.m a 11:50 a.m.<\/li>\n<li>01:30 p.m. a 02:50 p.m.<\/li>\n<\/ul>\n<\/td>\n<td style=\"width: 50%; text-align: center;\">\u00a0 sistemas@itifistas.edu.co<\/td>\n<\/tr>\n<\/tbody>\n<\/table>\n<p><\/p>\n","protected":false},"excerpt":{"rendered":"<p>La Secretar\u00eda Acad\u00e9mica es el eje de la gesti\u00f3n educativa en nuestra instituci\u00f3n. Se encarga de coordinar y supervisar los procesos acad\u00e9micos, garantizando el cumplimiento del curr\u00edculo, la organizaci\u00f3n de horarios y evaluaciones, y la atenci\u00f3n a estudiantes, docentes y familias. Adem\u00e1s, facilita tr\u00e1mites como matr\u00edculas, certificados y constancias, asegurando un servicio eficiente y transparente.&hellip;<\/p>\n","protected":false},"author":1,"featured_media":0,"parent":61,"menu_order":1,"comment_status":"closed","ping_status":"closed","template":"","meta":[],"_links":{"self":[{"href":"https:\/\/itifistas.edu.co\/itif\/index.php\/wp-json\/wp\/v2\/pages\/67"}],"collection":[{"href":"https:\/\/itifistas.edu.co\/itif\/index.php\/wp-json\/wp\/v2\/pages"}],"about":[{"href":"https:\/\/itifistas.edu.co\/itif\/index.php\/wp-json\/wp\/v2\/types\/page"}],"author":[{"embeddable":true,"href":"https:\/\/itifistas.edu.co\/itif\/index.php\/wp-json\/wp\/v2\/users\/1"}],"replies":[{"embeddable":true,"href":"https:\/\/itifistas.edu.co\/itif\/index.php\/wp-json\/wp\/v2\/comments?post=67"}],"version-history":[{"count":7,"href":"https:\/\/itifistas.edu.co\/itif\/index.php\/wp-json\/wp\/v2\/pages\/67\/revisions"}],"predecessor-version":[{"id":3342,"href":"https:\/\/itifistas.edu.co\/itif\/index.php\/wp-json\/wp\/v2\/pages\/67\/revisions\/3342"}],"up":[{"embeddable":true,"href":"https:\/\/itifistas.edu.co\/itif\/index.php\/wp-json\/wp\/v2\/pages\/61"}],"wp:attachment":[{"href":"https:\/\/itifistas.edu.co\/itif\/index.php\/wp-json\/wp\/v2\/media?parent=67"}],"curies":[{"name":"wp","href":"https:\/\/api.w.org\/{rel}","templated":true}]}}