{"id":635,"date":"2019-09-20T20:31:26","date_gmt":"2019-09-20T20:31:26","guid":{"rendered":"http:\/\/itifistas.edu.co\/itif\/?page_id=635"},"modified":"2026-03-12T15:51:18","modified_gmt":"2026-03-12T15:51:18","slug":"profesor-henry-sarabia","status":"publish","type":"page","link":"https:\/\/itifistas.edu.co\/itif\/index.php\/profesor-henry-sarabia\/","title":{"rendered":"\ud83d\udcf0PERI\u00d3DICO ESCOLAR &#8211; \u2b50ESTRELLITAS LITERARIAS\ud83d\udcd6"},"content":{"rendered":"<div id=\"pl-635\"  class=\"panel-layout\" ><div id=\"pg-635-0\"  class=\"panel-grid panel-no-style\" ><div id=\"pgc-635-0-0\"  class=\"panel-grid-cell\" ><div id=\"panel-635-0-0-0\" class=\"so-panel widget widget_sow-editor panel-first-child panel-last-child\" data-index=\"0\" ><div class=\"so-widget-sow-editor so-widget-sow-editor-base\">\n<div class=\"siteorigin-widget-tinymce textwidget\">\n\t<p data-start=\"143\" data-end=\"429\">\ud83d\udce2La comunicaci\u00f3n y la creatividad son herramientas fundamentales para la formaci\u00f3n de nuestros estudiantes. Por medio del <strong data-start=\"264\" data-end=\"285\">Peri\u00f3dico Escolar<\/strong> y <strong data-start=\"288\" data-end=\"314\">Estrellitas Literarias<\/strong> se promueven espacios que fortalecen la expresi\u00f3n, el pensamiento cr\u00edtico y el amor por la lectura y la escritura.\ud83d\udcf0<\/p>\n<p data-start=\"431\" data-end=\"852\">A trav\u00e9s de estos proyectos, los estudiantes tienen la oportunidad de compartir sus ideas, narrar sus experiencias, informar a la comunidad educativa y desarrollar habilidades de comunicaci\u00f3n escrita. Estas iniciativas tambi\u00e9n fomentan la participaci\u00f3n, la investigaci\u00f3n y el trabajo colaborativo, permitiendo que ni\u00f1os y j\u00f3venes se conviertan en protagonistas en la construcci\u00f3n de conocimiento dentro de la instituci\u00f3n.\ud83d\udcda<\/p>\n<\/div>\n<\/div><\/div><\/div><\/div><div id=\"pg-635-1\"  class=\"panel-grid panel-no-style\" ><div id=\"pgc-635-1-0\"  class=\"panel-grid-cell\" ><div id=\"panel-635-1-0-0\" class=\"so-panel widget widget_sow-editor panel-first-child panel-last-child\" data-index=\"1\" ><div class=\"so-widget-sow-editor so-widget-sow-editor-base\"><h3 class=\"widget-title\">Peri\u00f3dico Escolar<\/h3>\n<div class=\"siteorigin-widget-tinymce textwidget\">\n\t<p><img decoding=\"async\" loading=\"lazy\" class=\"aligncenter wp-image-4886 size-medium\" src=\"https:\/\/itifistas.edu.co\/itif\/wp-content\/uploads\/2026\/03\/WhatsApp-Image-2026-03-10-at-7.03.33-PM-225x300.jpeg\" alt=\"\" width=\"225\" height=\"300\" srcset=\"https:\/\/itifistas.edu.co\/itif\/wp-content\/uploads\/2026\/03\/WhatsApp-Image-2026-03-10-at-7.03.33-PM-225x300.jpeg 225w, https:\/\/itifistas.edu.co\/itif\/wp-content\/uploads\/2026\/03\/WhatsApp-Image-2026-03-10-at-7.03.33-PM-768x1024.jpeg 768w, https:\/\/itifistas.edu.co\/itif\/wp-content\/uploads\/2026\/03\/WhatsApp-Image-2026-03-10-at-7.03.33-PM-1152x1536.jpeg 1152w, https:\/\/itifistas.edu.co\/itif\/wp-content\/uploads\/2026\/03\/WhatsApp-Image-2026-03-10-at-7.03.33-PM-1536x2048.jpeg 1536w, https:\/\/itifistas.edu.co\/itif\/wp-content\/uploads\/2026\/03\/WhatsApp-Image-2026-03-10-at-7.03.33-PM-1280x1707.jpeg 1280w, https:\/\/itifistas.edu.co\/itif\/wp-content\/uploads\/2026\/03\/WhatsApp-Image-2026-03-10-at-7.03.33-PM-960x1280.jpeg 960w, https:\/\/itifistas.edu.co\/itif\/wp-content\/uploads\/2026\/03\/WhatsApp-Image-2026-03-10-at-7.03.33-PM-scaled.jpeg 1920w\" sizes=\"(max-width: 225px) 100vw, 225px\" \/><\/p>\n<p>\ud83d\udcf8El peri\u00f3dico escolar con-cien-tif es un espacio para compartir experiencias, ideas y opiniones. Nace con la intenci\u00f3n de ampliar espacios de participaci\u00f3n y di\u00e1logo entre los estudiantes, docentes, directivos, exalumnos y padres de familia. Sus p\u00e1ginas agrupan las voces de toda la comunidad educativa a trav\u00e9s de las ciencias, el arte, la tecnolog\u00eda y, en especial, el lenguaje. Manos que crean, mentes que comunican como eslogan, marca la esencia del peri\u00f3dico, cuyas hojas en blanco esperan recibir las letras de cada miembro de la familia itifista. \ud83c\udfa4<\/p>\n<p><img decoding=\"async\" loading=\"lazy\" class=\"alignnone size-medium wp-image-4888\" src=\"https:\/\/itifistas.edu.co\/itif\/wp-content\/uploads\/2026\/03\/WhatsApp-Image-2026-03-10-at-7.03.33-PM-2-300x225.jpeg\" alt=\"\" width=\"300\" height=\"225\" srcset=\"https:\/\/itifistas.edu.co\/itif\/wp-content\/uploads\/2026\/03\/WhatsApp-Image-2026-03-10-at-7.03.33-PM-2-300x225.jpeg 300w, https:\/\/itifistas.edu.co\/itif\/wp-content\/uploads\/2026\/03\/WhatsApp-Image-2026-03-10-at-7.03.33-PM-2-1024x768.jpeg 1024w, https:\/\/itifistas.edu.co\/itif\/wp-content\/uploads\/2026\/03\/WhatsApp-Image-2026-03-10-at-7.03.33-PM-2-768x576.jpeg 768w, https:\/\/itifistas.edu.co\/itif\/wp-content\/uploads\/2026\/03\/WhatsApp-Image-2026-03-10-at-7.03.33-PM-2-1536x1152.jpeg 1536w, https:\/\/itifistas.edu.co\/itif\/wp-content\/uploads\/2026\/03\/WhatsApp-Image-2026-03-10-at-7.03.33-PM-2-2048x1536.jpeg 2048w, https:\/\/itifistas.edu.co\/itif\/wp-content\/uploads\/2026\/03\/WhatsApp-Image-2026-03-10-at-7.03.33-PM-2-1280x960.jpeg 1280w, https:\/\/itifistas.edu.co\/itif\/wp-content\/uploads\/2026\/03\/WhatsApp-Image-2026-03-10-at-7.03.33-PM-2-1707x1280.jpeg 1707w\" sizes=\"(max-width: 300px) 100vw, 300px\" \/><\/p>\n<\/div>\n<\/div><\/div><\/div><div id=\"pgc-635-1-1\"  class=\"panel-grid-cell\" ><div id=\"panel-635-1-1-0\" class=\"so-panel widget widget_sow-editor panel-first-child panel-last-child\" data-index=\"2\" ><div class=\"so-widget-sow-editor so-widget-sow-editor-base\"><h3 class=\"widget-title\">Estrellitas literarias<\/h3>\n<div class=\"siteorigin-widget-tinymce textwidget\">\n\t<p><img decoding=\"async\" loading=\"lazy\" class=\"size-medium wp-image-4881 aligncenter\" src=\"https:\/\/itifistas.edu.co\/itif\/wp-content\/uploads\/2026\/03\/WhatsApp-Image-2026-03-05-at-1.51.48-PM-1-300x225.jpeg\" alt=\"\" width=\"300\" height=\"225\" srcset=\"https:\/\/itifistas.edu.co\/itif\/wp-content\/uploads\/2026\/03\/WhatsApp-Image-2026-03-05-at-1.51.48-PM-1-300x225.jpeg 300w, https:\/\/itifistas.edu.co\/itif\/wp-content\/uploads\/2026\/03\/WhatsApp-Image-2026-03-05-at-1.51.48-PM-1-1024x768.jpeg 1024w, https:\/\/itifistas.edu.co\/itif\/wp-content\/uploads\/2026\/03\/WhatsApp-Image-2026-03-05-at-1.51.48-PM-1-768x576.jpeg 768w, https:\/\/itifistas.edu.co\/itif\/wp-content\/uploads\/2026\/03\/WhatsApp-Image-2026-03-05-at-1.51.48-PM-1-1536x1152.jpeg 1536w, https:\/\/itifistas.edu.co\/itif\/wp-content\/uploads\/2026\/03\/WhatsApp-Image-2026-03-05-at-1.51.48-PM-1-1280x960.jpeg 1280w, https:\/\/itifistas.edu.co\/itif\/wp-content\/uploads\/2026\/03\/WhatsApp-Image-2026-03-05-at-1.51.48-PM-1.jpeg 1600w\" sizes=\"(max-width: 300px) 100vw, 300px\" \/><\/p>\n<p>\u2728Es un proyecto que inici\u00f3 en el a\u00f1o 2023 y que invita a los estudiantes de primaria a crear cuentos originales inspirados en sus vivencias y en el cuidado del medio ambiente. En sus tres versiones han participado ni\u00f1os desde preescolar hasta quinto grado, convirti\u00e9ndose en una actividad que tambi\u00e9n integra a las familias alrededor del proceso de creaci\u00f3n y producci\u00f3n textual. Para este a\u00f1o se proyecta ampliar la convocatoria a toda la instituci\u00f3n, con el prop\u00f3sito de fortalecer la participaci\u00f3n y el gusto por la escritura. Los textos publicados corresponden a aquellos estudiantes que se comprometen con el proceso de creaci\u00f3n y logran presentar un producto final de calidad.\ud83d\udcdd<\/p>\n<p><img decoding=\"async\" loading=\"lazy\" class=\"wp-image-4882 aligncenter\" src=\"https:\/\/itifistas.edu.co\/itif\/wp-content\/uploads\/2026\/03\/WhatsApp-Image-2026-03-05-at-1.51.48-PM-2-300x225.jpeg\" alt=\"\" width=\"263\" height=\"197\" srcset=\"https:\/\/itifistas.edu.co\/itif\/wp-content\/uploads\/2026\/03\/WhatsApp-Image-2026-03-05-at-1.51.48-PM-2-300x225.jpeg 300w, https:\/\/itifistas.edu.co\/itif\/wp-content\/uploads\/2026\/03\/WhatsApp-Image-2026-03-05-at-1.51.48-PM-2-1024x768.jpeg 1024w, https:\/\/itifistas.edu.co\/itif\/wp-content\/uploads\/2026\/03\/WhatsApp-Image-2026-03-05-at-1.51.48-PM-2-768x576.jpeg 768w, https:\/\/itifistas.edu.co\/itif\/wp-content\/uploads\/2026\/03\/WhatsApp-Image-2026-03-05-at-1.51.48-PM-2.jpeg 1280w\" sizes=\"(max-width: 263px) 100vw, 263px\" \/> <img decoding=\"async\" loading=\"lazy\" class=\"wp-image-4883 aligncenter\" src=\"https:\/\/itifistas.edu.co\/itif\/wp-content\/uploads\/2026\/03\/WhatsApp-Image-2026-03-05-at-1.51.48-PM-300x225.jpeg\" alt=\"\" width=\"262\" height=\"197\" srcset=\"https:\/\/itifistas.edu.co\/itif\/wp-content\/uploads\/2026\/03\/WhatsApp-Image-2026-03-05-at-1.51.48-PM-300x225.jpeg 300w, https:\/\/itifistas.edu.co\/itif\/wp-content\/uploads\/2026\/03\/WhatsApp-Image-2026-03-05-at-1.51.48-PM-1024x768.jpeg 1024w, https:\/\/itifistas.edu.co\/itif\/wp-content\/uploads\/2026\/03\/WhatsApp-Image-2026-03-05-at-1.51.48-PM-768x576.jpeg 768w, https:\/\/itifistas.edu.co\/itif\/wp-content\/uploads\/2026\/03\/WhatsApp-Image-2026-03-05-at-1.51.48-PM-1536x1152.jpeg 1536w, https:\/\/itifistas.edu.co\/itif\/wp-content\/uploads\/2026\/03\/WhatsApp-Image-2026-03-05-at-1.51.48-PM-1280x960.jpeg 1280w, https:\/\/itifistas.edu.co\/itif\/wp-content\/uploads\/2026\/03\/WhatsApp-Image-2026-03-05-at-1.51.48-PM.jpeg 1600w\" sizes=\"(max-width: 262px) 100vw, 262px\" \/><\/p>\n<\/div>\n<\/div><\/div><\/div><\/div><\/div>","protected":false},"excerpt":{"rendered":"<p>\ud83d\udce2La comunicaci\u00f3n y la creatividad son herramientas fundamentales para la formaci\u00f3n de nuestros estudiantes. Por medio del Peri\u00f3dico Escolar y Estrellitas Literarias se promueven espacios que fortalecen la expresi\u00f3n, el pensamiento cr\u00edtico y el amor por la lectura y la escritura.\ud83d\udcf0 A trav\u00e9s de estos proyectos, los estudiantes tienen la oportunidad de compartir sus ideas,&hellip;<\/p>\n","protected":false},"author":1,"featured_media":0,"parent":0,"menu_order":0,"comment_status":"closed","ping_status":"closed","template":"","meta":[],"_links":{"self":[{"href":"https:\/\/itifistas.edu.co\/itif\/index.php\/wp-json\/wp\/v2\/pages\/635"}],"collection":[{"href":"https:\/\/itifistas.edu.co\/itif\/index.php\/wp-json\/wp\/v2\/pages"}],"about":[{"href":"https:\/\/itifistas.edu.co\/itif\/index.php\/wp-json\/wp\/v2\/types\/page"}],"author":[{"embeddable":true,"href":"https:\/\/itifistas.edu.co\/itif\/index.php\/wp-json\/wp\/v2\/users\/1"}],"replies":[{"embeddable":true,"href":"https:\/\/itifistas.edu.co\/itif\/index.php\/wp-json\/wp\/v2\/comments?post=635"}],"version-history":[{"count":18,"href":"https:\/\/itifistas.edu.co\/itif\/index.php\/wp-json\/wp\/v2\/pages\/635\/revisions"}],"predecessor-version":[{"id":4906,"href":"https:\/\/itifistas.edu.co\/itif\/index.php\/wp-json\/wp\/v2\/pages\/635\/revisions\/4906"}],"wp:attachment":[{"href":"https:\/\/itifistas.edu.co\/itif\/index.php\/wp-json\/wp\/v2\/media?parent=635"}],"curies":[{"name":"wp","href":"https:\/\/api.w.org\/{rel}","templated":true}]}}