{"id":52,"date":"2019-09-09T16:24:43","date_gmt":"2019-09-09T16:24:43","guid":{"rendered":"http:\/\/itifistas.edu.co\/itif\/?page_id=52"},"modified":"2026-02-05T12:01:45","modified_gmt":"2026-02-05T12:01:45","slug":"horizonte-institucional","status":"publish","type":"page","link":"https:\/\/itifistas.edu.co\/itif\/index.php\/colegio\/horizonte-institucional\/","title":{"rendered":"Horizonte Institucional"},"content":{"rendered":"<div id=\"pl-52\"  class=\"panel-layout\" ><div id=\"pg-52-0\"  class=\"panel-grid panel-no-style\" ><div id=\"pgc-52-0-0\"  class=\"panel-grid-cell\" ><div id=\"panel-52-0-0-0\" class=\"so-panel widget widget_sow-editor panel-first-child panel-last-child\" data-index=\"0\" ><div class=\"so-widget-sow-editor so-widget-sow-editor-base\">\n<div class=\"siteorigin-widget-tinymce textwidget\">\n\t<h1>Filosof\u00eda<\/h1>\n<p>&nbsp;<\/p>\n<\/div>\n<\/div><\/div><\/div><div id=\"pgc-52-0-1\"  class=\"panel-grid-cell\" ><div id=\"panel-52-0-1-0\" class=\"so-panel widget widget_sow-editor panel-first-child panel-last-child\" data-index=\"1\" ><div class=\"so-widget-sow-editor so-widget-sow-editor-base\">\n<div class=\"siteorigin-widget-tinymce textwidget\">\n\t<p style=\"text-align: left;\">Nuestro colegio con base en la normatividad legal vigente y teniendo en cuenta los principios pedag\u00f3gicos inculca y fortalece la formaci\u00f3n integral de los estudiantes los cuales est\u00e1n presentes en toda actuaci\u00f3n acad\u00e9mica, pedag\u00f3gica, de convivencia social y comunitaria. De acuerdo con la caracterizaci\u00f3n y necesidades de los estudiantes, se asume una postura epistemol\u00f3gica constructivista que se concreta en un modelo pedag\u00f3gico de Aprendizaje Significativo y se lleva a las aulas de clase por medio de la estrategia metodol\u00f3gica Aprendizaje Basado en Problemas \u2013 ABP, el cual desarrolla competencias b\u00e1sicas, ciudadanas, y t\u00e9cnicas que integran el saber con el hacer y el ser, de manera que privilegia el trabajo colaborativo, responsable, aut\u00f3nomo y participativo. Este prop\u00f3sito hace part\u00edcipes a todos los agentes educativos, organizacionales y comunitarios..<\/p>\n<div class=\"host-lopnbnfpjmgpbppclhclehhgafnifija\" style=\"position: relative; z-index: 2147483647;\"><\/div>\n<\/div>\n<\/div><\/div><\/div><\/div><div id=\"pg-52-1\"  class=\"panel-grid panel-no-style\" ><div id=\"pgc-52-1-0\"  class=\"panel-grid-cell\" ><div id=\"panel-52-1-0-0\" class=\"so-panel widget widget_sow-editor panel-first-child panel-last-child\" data-index=\"2\" ><div class=\"so-widget-sow-editor so-widget-sow-editor-base\">\n<div class=\"siteorigin-widget-tinymce textwidget\">\n\t<div>El Instituto T\u00e9cnico Industrial de Facatativ\u00e1 es una instituci\u00f3n de car\u00e1cter\u00a0oficial, que por medio del enfoque pedag\u00f3gico Aprendizaje Basado en Problemas,brinda una educaci\u00f3n t\u00e9cnica integral de calidad en los niveles de preescolar,\u00a0b\u00e1sica y media t\u00e9cnica, para promover y fortalecer el desarrollo humano con-cien-te, con responsabilidad social y proyecci\u00f3n hacia la educaci\u00f3n superior y la vida\u00a0laboral.<\/div>\n<div class=\"host-lopnbnfpjmgpbppclhclehhgafnifija\" style=\"position: relative; z-index: 2147483647;\"><\/div>\n<\/div>\n<\/div><\/div><\/div><div id=\"pgc-52-1-1\"  class=\"panel-grid-cell\" ><div id=\"panel-52-1-1-0\" class=\"so-panel widget widget_sow-editor panel-first-child panel-last-child\" data-index=\"3\" ><div class=\"so-widget-sow-editor so-widget-sow-editor-base\">\n<div class=\"siteorigin-widget-tinymce textwidget\">\n\t<h1 style=\"text-align: right;\">MISI\u00d3N<\/h1>\n<div class=\"host-lopnbnfpjmgpbppclhclehhgafnifija\" style=\"position: relative; z-index: 2147483647;\"><\/div>\n<\/div>\n<\/div><\/div><\/div><\/div><div id=\"pg-52-2\"  class=\"panel-grid panel-no-style\" ><div id=\"pgc-52-2-0\"  class=\"panel-grid-cell\" ><div id=\"panel-52-2-0-0\" class=\"so-panel widget widget_sow-editor panel-first-child panel-last-child\" data-index=\"4\" ><div class=\"so-widget-sow-editor so-widget-sow-editor-base\">\n<div class=\"siteorigin-widget-tinymce textwidget\">\n\t<h1>VISI\u00d3N<\/h1>\n<p>&nbsp;<\/p>\n<div class=\"host-lopnbnfpjmgpbppclhclehhgafnifija\" style=\"position: relative; z-index: 2147483647;\"><\/div>\n<\/div>\n<\/div><\/div><\/div><div id=\"pgc-52-2-1\"  class=\"panel-grid-cell\" ><div id=\"panel-52-2-1-0\" class=\"so-panel widget widget_sow-editor panel-first-child panel-last-child\" data-index=\"5\" ><div class=\"so-widget-sow-editor so-widget-sow-editor-base\">\n<div class=\"siteorigin-widget-tinymce textwidget\">\n\t<p style=\"text-align: left;\">Al 2026, ser reconocidos a nivel nacional como experiencia de articulaci\u00f3n con el sector terciario y a nivel local, por la formaci\u00f3n de egresados competentes e integrales que sean capaces de solucionar problemas de su entorno y que aporten a la construcci\u00f3n de pa\u00eds con principios \u00e9ticos y morales..<\/p>\n<div class=\"host-lopnbnfpjmgpbppclhclehhgafnifija\" style=\"position: relative; z-index: 2147483647;\"><\/div>\n<\/div>\n<\/div><\/div><\/div><\/div><div id=\"pg-52-3\"  class=\"panel-grid panel-no-style\" ><div id=\"pgc-52-3-0\"  class=\"panel-grid-cell\" ><div id=\"panel-52-3-0-0\" class=\"so-panel widget widget_sow-editor panel-first-child\" data-index=\"6\" ><div class=\"so-widget-sow-editor so-widget-sow-editor-base\">\n<div class=\"siteorigin-widget-tinymce textwidget\">\n\t<h1 style=\"text-align: center;\">VALORES INSTITUCIONALES<\/h1>\n<\/div>\n<\/div><\/div><div id=\"panel-52-3-0-1\" class=\"so-panel widget widget_sow-editor panel-last-child\" data-index=\"7\" ><div class=\"so-widget-sow-editor so-widget-sow-editor-base\">\n<div class=\"siteorigin-widget-tinymce textwidget\">\n\t<p>La instituci\u00f3n cuenta con una propuesta formativa caracterizada por los principios pedag\u00f3gicos articulados a la normatividad legal y a las necesidades del contexto, por lo cual contempla como ejes en el desarrollo humano concien \u2013te (Ciencia-Tecnolog\u00eca), presentes en toda actuaci\u00f3n acad\u00e9mica, pedag\u00f3gica, de convivencia social y comunitaria:<\/p>\n<ul>\n<li><strong>Compromiso<\/strong>, entendido como la responsabilidad que debe tener el estudiante frente a las obligaciones acad\u00e9micas, t\u00e9cnicas y de comportamiento social y comunitario. Se refiere al proceso que debe cumplir el estudiante para llegar a su objetivo acompa\u00f1ado de un trabajo constante; Es un valor que permite avanzar en su proyecto de vida aunado con la voluntad que posee el individuo para cumplirlo.<\/li>\n<li><strong>Respeto<\/strong>, referido a aquel sentimiento que conlleva el reconocimiento de los derechos y la dignidad del otro, absteni\u00e9ndose de ofenderse a s\u00ed mismo, debe propender por el respeto a los derechos humanos, en toda la extensi\u00f3n de lo que ello significa<\/li>\n<li><strong>Responsabilidad<\/strong>, Es un valor que est\u00e1 en la conciencia de la persona, lo que le permite reflexionar, administrar y orientar las consecuencias de sus actos, siempre en el plano de lo \u00e9tico. Al interior de la instituci\u00f3n este valor ser\u00e1 uno de los m\u00e1s promovidos siendo caracter\u00edstica esencial de los egresados, lo que le permitir\u00e1 integrarse f\u00e1cilmente a la sociedad.<\/li>\n<\/ul>\n<\/div>\n<\/div><\/div><\/div><\/div><\/div>","protected":false},"excerpt":{"rendered":"<p>Filosof\u00eda &nbsp; Nuestro colegio con base en la normatividad legal vigente y teniendo en cuenta los principios pedag\u00f3gicos inculca y fortalece la formaci\u00f3n integral de los estudiantes los cuales est\u00e1n presentes en toda actuaci\u00f3n acad\u00e9mica, pedag\u00f3gica, de convivencia social y comunitaria. De acuerdo con la caracterizaci\u00f3n y necesidades de los estudiantes, se asume una postura&hellip;<\/p>\n","protected":false},"author":1,"featured_media":0,"parent":48,"menu_order":2,"comment_status":"closed","ping_status":"closed","template":"","meta":[],"_links":{"self":[{"href":"https:\/\/itifistas.edu.co\/itif\/index.php\/wp-json\/wp\/v2\/pages\/52"}],"collection":[{"href":"https:\/\/itifistas.edu.co\/itif\/index.php\/wp-json\/wp\/v2\/pages"}],"about":[{"href":"https:\/\/itifistas.edu.co\/itif\/index.php\/wp-json\/wp\/v2\/types\/page"}],"author":[{"embeddable":true,"href":"https:\/\/itifistas.edu.co\/itif\/index.php\/wp-json\/wp\/v2\/users\/1"}],"replies":[{"embeddable":true,"href":"https:\/\/itifistas.edu.co\/itif\/index.php\/wp-json\/wp\/v2\/comments?post=52"}],"version-history":[{"count":18,"href":"https:\/\/itifistas.edu.co\/itif\/index.php\/wp-json\/wp\/v2\/pages\/52\/revisions"}],"predecessor-version":[{"id":921,"href":"https:\/\/itifistas.edu.co\/itif\/index.php\/wp-json\/wp\/v2\/pages\/52\/revisions\/921"}],"up":[{"embeddable":true,"href":"https:\/\/itifistas.edu.co\/itif\/index.php\/wp-json\/wp\/v2\/pages\/48"}],"wp:attachment":[{"href":"https:\/\/itifistas.edu.co\/itif\/index.php\/wp-json\/wp\/v2\/media?parent=52"}],"curies":[{"name":"wp","href":"https:\/\/api.w.org\/{rel}","templated":true}]}}