{"id":28,"date":"2019-08-27T21:10:51","date_gmt":"2019-08-27T21:10:51","guid":{"rendered":"http:\/\/itifistas.edu.co\/itif\/?page_id=28"},"modified":"2026-01-21T13:43:13","modified_gmt":"2026-01-21T13:43:13","slug":"inscripciones","status":"publish","type":"page","link":"https:\/\/itifistas.edu.co\/itif\/index.php\/banda-marcial\/inscripciones\/","title":{"rendered":"Admisiones 2026."},"content":{"rendered":"<div id=\"pl-28\"  class=\"panel-layout\" ><div id=\"pg-28-0\"  class=\"panel-grid panel-no-style\" ><div id=\"pgc-28-0-0\"  class=\"panel-grid-cell\" ><div id=\"panel-28-0-0-0\" class=\"so-panel widget widget_media_video panel-first-child\" data-index=\"0\" ><h3 class=\"widget-title\">Inscripciones abiertas 2026.<\/h3><div style=\"width:100%;\" class=\"wp-video\"><!--[if lt IE 9]><script>document.createElement('video');<\/script><![endif]-->\n<video class=\"wp-video-shortcode\" id=\"video-28-1\" preload=\"metadata\" controls=\"controls\"><source type=\"video\/youtube\" src=\"https:\/\/youtu.be\/AD9CWFHdLrc?_=1\" \/><a href=\"https:\/\/youtu.be\/AD9CWFHdLrc\">https:\/\/youtu.be\/AD9CWFHdLrc<\/a><\/video><\/div><\/div><div id=\"panel-28-0-0-1\" class=\"so-panel widget widget_sow-editor panel-last-child\" data-index=\"1\" ><div class=\"panel-widget-style panel-widget-style-for-28-0-0-1\" ><div class=\"so-widget-sow-editor so-widget-sow-editor-base\">\n<div class=\"siteorigin-widget-tinymce textwidget\">\n\t<h1 style=\"text-align: center;\"><span style=\"color: #ffffff;\">INSCRIPCIONES 2026 ALUMNOS NUEVOS <\/span><\/h1>\n<h1 style=\"text-align: center;\"><span style=\"color: #ffffff;\">(CUPOS PARA GRADOS PREESCOLAR A D\u00c9CIMO)<\/span><\/h1>\n<\/div>\n<\/div><\/div><\/div><\/div><\/div><div id=\"pg-28-1\"  class=\"panel-grid panel-no-style\" ><div id=\"pgc-28-1-0\"  class=\"panel-grid-cell\" ><div id=\"panel-28-1-0-0\" class=\"so-panel widget widget_sow-editor panel-first-child panel-last-child\" data-index=\"2\" ><div class=\"so-widget-sow-editor so-widget-sow-editor-base\">\n<div class=\"siteorigin-widget-tinymce textwidget\">\n\t<blockquote>\n<p>Se informa a la comunidad Educativa el proceso de inscripci\u00f3n de estudiantes nuevos para grados PREESCOLAR A D\u00c9CIMO.<\/p>\n<\/blockquote>\n<\/div>\n<\/div><\/div><\/div><\/div><div id=\"pg-28-2\"  class=\"panel-grid panel-no-style\" ><div id=\"pgc-28-2-0\"  class=\"panel-grid-cell\" ><div id=\"panel-28-2-0-0\" class=\"so-panel widget widget_sow-editor panel-first-child\" data-index=\"3\" ><div class=\"so-widget-sow-editor so-widget-sow-editor-base\">\n<div class=\"siteorigin-widget-tinymce textwidget\">\n\t<h4>Para el proceso de entrevista deben presentar:<\/h4>\n<ul>\n<li>Registro civil o Tarjeta de identidad.<\/li>\n<li>C\u00e9dula del padre de familia y\/o acudiente.<\/li>\n<li>Formulario de inscripci\u00f3n (Tener claro la Direcci\u00f3n de residencia y el tel\u00e9fono contacto).<\/li>\n<li>Copia del observador estudiante a\u00f1o 2024 y Boletines a\u00f1o 2024 requisito Para estudiantes de primero a d\u00e9cimo.<\/li>\n<li>A la entrevista debe asistir el estudiante con su padre de familia.<\/li>\n<\/ul>\n<\/div>\n<\/div><\/div><div id=\"panel-28-2-0-1\" class=\"so-panel widget widget_sow-editor\" data-index=\"4\" ><div class=\"so-widget-sow-editor so-widget-sow-editor-base\">\n<div class=\"siteorigin-widget-tinymce textwidget\">\n\t<p>Con esta documentaci\u00f3n debe presentarse a la instituci\u00f3n, en porter\u00eda ser\u00e1 direccionado con el coordinador respectivo:<\/p>\n<table style=\"width: 100%; border-collapse: collapse; border-style: dotted; border-color: #009045; background-color: #e6e6e6;\" border=\"1\">\n<tbody>\n<tr style=\"height: 25px;\">\n<td style=\"width: 21.6477%; height: 25px;\"><strong>\u00a0 PREESCOLAR Y PRIMARIA<\/strong><\/td>\n<td style=\"width: 30.9547%; height: 25px;\">\u00a0 Coordinadora Stella Sierra<\/td>\n<td style=\"width: 47.3975%; height: 25px;\">\u00a0 Sede Rafael Pombo (Carrera 3 No 8-134)<\/td>\n<\/tr>\n<tr style=\"height: 25px;\">\n<td style=\"width: 21.6477%; height: 25px;\"><strong>\u00a0 SEXTO A OCTAVO<\/strong><\/td>\n<td style=\"width: 30.9547%; height: 25px;\">\u00a0 Coordinadora Sandra Melo<\/td>\n<td style=\"width: 47.3975%; height: 25px;\">\u00a0 Sede Centro (Carrera 5 No 9-45)<\/td>\n<\/tr>\n<tr style=\"height: 25px;\">\n<td style=\"width: 21.6477%; height: 25px;\"><strong>\u00a0 NOVENO A D\u00c9CIMO<\/strong><\/td>\n<td style=\"width: 30.9547%; height: 25px;\">\u00a0 Coordinador Sergio Parra<\/td>\n<td style=\"width: 47.3975%; height: 25px;\">\u00a0 Sede Talleres (Carrera 11 No 1-15 Piedras del Tunjo)<\/td>\n<\/tr>\n<\/tbody>\n<\/table>\n<\/div>\n<\/div><\/div><div id=\"panel-28-2-0-2\" class=\"so-panel widget widget_sow-editor panel-last-child\" data-index=\"5\" ><div class=\"so-widget-sow-editor so-widget-sow-editor-base\">\n<div class=\"siteorigin-widget-tinymce textwidget\">\n\t<blockquote>\n<p><strong>Horarios de Entrevista:<\/strong> lunes a viernes de 7:00 a.m. a 10:00 a.m.<\/p>\n<p>El coordinador el d\u00eda de la entrevista luego de ser admitido le informar\u00e1 la fecha y hora de la charla de inducci\u00f3n.<\/p>\n<\/blockquote>\n<div class=\"host-lopnbnfpjmgpbppclhclehhgafnifija\" style=\"position: relative; z-index: 2147483647;\"><\/div>\n<\/div>\n<\/div><\/div><\/div><\/div><div id=\"pg-28-3\"  class=\"panel-grid panel-has-style\" ><div class=\"panel-row-style panel-row-style-for-28-3\" ><div id=\"pgc-28-3-0\"  class=\"panel-grid-cell panel-grid-cell-empty\" ><\/div><\/div><\/div><\/div>","protected":false},"excerpt":{"rendered":"<p>INSCRIPCIONES 2026 ALUMNOS NUEVOS (CUPOS PARA GRADOS PREESCOLAR A D\u00c9CIMO) Se informa a la comunidad Educativa el proceso de inscripci\u00f3n de estudiantes nuevos para grados PREESCOLAR A D\u00c9CIMO.<\/p>\n","protected":false},"author":1,"featured_media":4546,"parent":25,"menu_order":1,"comment_status":"closed","ping_status":"closed","template":"","meta":[],"_links":{"self":[{"href":"https:\/\/itifistas.edu.co\/itif\/index.php\/wp-json\/wp\/v2\/pages\/28"}],"collection":[{"href":"https:\/\/itifistas.edu.co\/itif\/index.php\/wp-json\/wp\/v2\/pages"}],"about":[{"href":"https:\/\/itifistas.edu.co\/itif\/index.php\/wp-json\/wp\/v2\/types\/page"}],"author":[{"embeddable":true,"href":"https:\/\/itifistas.edu.co\/itif\/index.php\/wp-json\/wp\/v2\/users\/1"}],"replies":[{"embeddable":true,"href":"https:\/\/itifistas.edu.co\/itif\/index.php\/wp-json\/wp\/v2\/comments?post=28"}],"version-history":[{"count":49,"href":"https:\/\/itifistas.edu.co\/itif\/index.php\/wp-json\/wp\/v2\/pages\/28\/revisions"}],"predecessor-version":[{"id":4549,"href":"https:\/\/itifistas.edu.co\/itif\/index.php\/wp-json\/wp\/v2\/pages\/28\/revisions\/4549"}],"up":[{"embeddable":true,"href":"https:\/\/itifistas.edu.co\/itif\/index.php\/wp-json\/wp\/v2\/pages\/25"}],"wp:featuredmedia":[{"embeddable":true,"href":"https:\/\/itifistas.edu.co\/itif\/index.php\/wp-json\/wp\/v2\/media\/4546"}],"wp:attachment":[{"href":"https:\/\/itifistas.edu.co\/itif\/index.php\/wp-json\/wp\/v2\/media?parent=28"}],"curies":[{"name":"wp","href":"https:\/\/api.w.org\/{rel}","templated":true}]}}