{"id":164,"date":"2019-09-09T18:39:35","date_gmt":"2019-09-09T18:39:35","guid":{"rendered":"http:\/\/itifistas.edu.co\/itif\/?page_id=164"},"modified":"2026-03-11T16:15:31","modified_gmt":"2026-03-11T16:15:31","slug":"raghuram-rastra","status":"publish","type":"page","link":"https:\/\/itifistas.edu.co\/itif\/index.php\/raghuram-rastra\/","title":{"rendered":"\ud83e\uddeeProyecto multiplica tu saber.\ud83d\udcc8"},"content":{"rendered":"<p><CENTER><img decoding=\"async\" loading=\"lazy\" src=\"https:\/\/itifistas.edu.co\/itif\/wp-content\/uploads\/2026\/03\/WhatsApp-Image-2026-03-05-at-7.27.03-AM-300x225.jpeg\" alt=\"\" width=\"300\" height=\"225\" class=\"alignnone size-medium wp-image-4901\" srcset=\"https:\/\/itifistas.edu.co\/itif\/wp-content\/uploads\/2026\/03\/WhatsApp-Image-2026-03-05-at-7.27.03-AM-300x225.jpeg 300w, https:\/\/itifistas.edu.co\/itif\/wp-content\/uploads\/2026\/03\/WhatsApp-Image-2026-03-05-at-7.27.03-AM-1024x768.jpeg 1024w, https:\/\/itifistas.edu.co\/itif\/wp-content\/uploads\/2026\/03\/WhatsApp-Image-2026-03-05-at-7.27.03-AM-768x576.jpeg 768w, https:\/\/itifistas.edu.co\/itif\/wp-content\/uploads\/2026\/03\/WhatsApp-Image-2026-03-05-at-7.27.03-AM-1536x1152.jpeg 1536w, https:\/\/itifistas.edu.co\/itif\/wp-content\/uploads\/2026\/03\/WhatsApp-Image-2026-03-05-at-7.27.03-AM-1280x960.jpeg 1280w, https:\/\/itifistas.edu.co\/itif\/wp-content\/uploads\/2026\/03\/WhatsApp-Image-2026-03-05-at-7.27.03-AM.jpeg 1600w\" sizes=\"(max-width: 300px) 100vw, 300px\" \/><\/CENTER><br \/>\n\ud83d\udd22Es una iniciativa que busca fortalecer el aprendizaje de las matem\u00e1ticas a trav\u00e9s de estrategias din\u00e1micas y motivadoras. En este proyecto, los estudiantes participan en rondas clasificatorias donde ponen a prueba su agilidad mental y sus habilidades de c\u00e1lculo en un ambiente l\u00fadico. De esta manera, los ni\u00f1os aprenden matem\u00e1ticas jugando, desarrollando el pensamiento l\u00f3gico, la concentraci\u00f3n y la rapidez mental. Adem\u00e1s, la actividad fomenta valores como el respeto, la sana competencia y el trabajo en equipo dentro del ambiente escolar.\u2795\u2796\u2716\ufe0f\u2797<CENTER><br \/>\n\r\n<style>\r\n.hybgl-justified-164-1 .hybgl-prl1-double-bounce1,\r\n.hybgl-justified-164-1 .hybgl-prl1-double-bounce2,\r\n.hybgl-justified-164-1 .hybgl-prl2-spinner,\r\n.hybgl-justified-164-1 .hybgl-prl3-spinner > div,\r\n.hybgl-justified-164-1 .hybgl-prl4-sk-folding-cube .hybgl-prl4-sk-cube:before,\r\n.hybgl-justified-164-1 .hybgl-prl5-cube1, .hybgl-prl5-cube2,\r\n.hybgl-justified-164-1 .hybgl-prl6-dot1, .hybgl-prl6-dot2,\r\n.hybgl-justified-164-1 .hybgl-prl7-spinner > div,\r\n.hybgl-justified-164-1 .hybgl-prl8-sk-circle .hybgl-prl8-sk-child:before,\r\n.hybgl-justified-164-1 .hybgl-prl9-sk-cube-grid .hybgl-prl9-sk-cube,\r\n.hybgl-justified-164-1 .hybgl-prl10-pacman>div:nth-child(3),\r\n.hybgl-justified-164-1 .hybgl-prl10-pacman>div:nth-child(4),\r\n.hybgl-justified-164-1 .hybgl-prl10-pacman>div:nth-child(5),\r\n.hybgl-justified-164-1 .hybgl-prl10-pacman>div:nth-child(6),\r\n.hybgl-justified-164-1.hybgl-style-1 .hybgl-button i,\r\n.hybgl-justified-164-1.hybgl-style-1 .hybgl-item-meta,\r\n.hybgl-justified-164-1.hybgl-style-3 .hybgl-item-inner:before,\r\n.hybgl-justified-164-1 .hybgl-filter-label:hover,\r\n.hybgl-justified-164-1 .hybgl-filter-label-active,\r\n.hybgl-justified-164-1 .hybgl-filter-label:before {\r\n    background: #22d100;\r\n}\r\n\r\n.hybgl-justified-164-1 .hybgl-pagin-num-page:hover,\r\n.hybgl-justified-164-1 .hybgl-pagin-cs-page:hover,\r\n.hybgl-justified-164-1.hybgl-style-2.hybgl-buttons-show .hybgl-item-inner:before {\r\n    background: #22d100;\r\n    background: rgba(34,209,0,0.5);\r\n}\r\n\r\n.hybgl-justified-164-1 .hybgl-prl10-pacman>div:first-of-type,\r\n.hybgl-justified-164-1 .hybgl-prl10-pacman>div:nth-child(2) {\r\n    border-top-color: #22d100;\r\n    border-left-color: #22d100;\r\n    border-bottom-color: #22d100;\r\n}\r\n\r\n.hybgl-justified-164-1 .hybgl-filter-label,\r\n.hybgl-justified-164-1 .hybgl-pagin-num-page:hover,\r\n.hybgl-justified-164-1 .hybgl-pagin-cs-page:hover {\r\n    border-color: #22d100;\r\n}\r\n\r\n.hybgl-justified-164-1 .hybgl-filter-label,\r\n.hybgl-justified-164-1.hybgl-style-2.hybgl-click-action-lb-link .hybgl-button i:hover,\r\n.hybgl-justified-164-1.hybgl-style-3 .hybgl-button i,\r\n.hybgl-justified-164-1.hybgl-style-4 .hybgl-button i,\r\n.hybgl-justified-164-1.hybgl-style-4 .hybgl-item-meta .hybgl-item-meta-title {\r\n    color: #22d100;\r\n}\r\n\r\n.hybgl-justified-164-1 .hybgl-filter-label:hover,\r\n.hybgl-justified-164-1 .hybgl-filter-label-active {\r\n    color: #fff;\r\n}\r\n\r\n.hybgl-justified-164-1 .hybgl-filter-label-active:before {\r\n    background: #fff;\r\n}\r\n<\/style>\r\n\r\n<!-- Start Hybrid Gallery --><div class=\"hybgl-box hybgl-mode-grid hybgl-layout-justified hybgl-size-equal hybgl-lightbox hybgl-lightbox-lib-mp hybgl-click-action-lb hybgl-style-1 hybgl-buttons-hide hybgl-extra-animation hybgl-justified-164-1 hybgl-clearfix\" data-id=\"164\" data-selector=\"hybgl-justified-164-1\" data-mode=\"justified\" data-layout=\"justified\" data-size=\"equal\" data-cols=\"3\" data-gap-x=\"10\" data-gap-y=\"10\" data-ratio=\"1-1\" data-rowheight=\"240\" data-max-rowheight=\"false\" data-lastrow=\"nojustify\" data-lightbox=\"mp\" data-style=\"1\" data-animation=\"fadeInUp\" data-loader-delay=\"300\" data-design=\"{#w_vl#:#100#,#w_un#:#pc#,#align#:#none#}\" data-res=\"{#1024#:{#w#:#auto#,#w_vl#:#100#,#w_un#:#pc#,#cols#:#auto#,#align#:#auto#},#800#:{#w#:#auto#,#w_vl#:#100#,#w_un#:#pc#,#cols#:#auto#,#align#:#auto#},#768#:{#w#:#auto#,#w_vl#:#100#,#w_un#:#pc#,#cols#:#auto#,#align#:#auto#},#600#:{#w#:#auto#,#w_vl#:#100#,#w_un#:#pc#,#cols#:#auto#,#align#:#auto#},#480#:{#w#:#auto#,#w_vl#:#100#,#w_un#:#pc#,#cols#:#auto#,#align#:#auto#}}\"><div class=\"hybgl-loader hybgl-loader-center hybgl-clearfix hybgl-prl1-bounce-loader\"><div class=\"hybgl-prl1-spinner\"><div class=\"hybgl-prl1-double-bounce1\"><\/div><div class=\"hybgl-prl1-double-bounce2\"><\/div><\/div><\/div><div class=\"hybgl-wrapper hybgl-clearfix\"><div class=\"hybgl-container hybgl-clearfix\"><div class=\"hybgl-item\" data-w=\"1200\" data-h=\"1600\"><div class=\"hybgl-item-wrapper\"><div class=\"hybgl-item-overlay\"><div class=\"hybgl-item-overlay-inner\"><div class=\"hybgl-item-inner\" style=\"background-image:url(https:\/\/itifistas.edu.co\/itif\/wp-content\/uploads\/2026\/03\/WhatsApp-Image-2026-03-05-at-7.27.00-AM.jpeg);\"><\/div><\/div><\/div><a class=\"hybgl-button hybgl-button-action-zoom hybgl-button-style-full mfp-image\" href=\"https:\/\/itifistas.edu.co\/itif\/wp-content\/uploads\/2026\/03\/WhatsApp-Image-2026-03-05-at-7.27.00-AM.jpeg\" title=\"WhatsApp Image 2026-03-05 at 7.27.00 AM\" data-descr=\"\"><\/a><\/div><\/div><div class=\"hybgl-item\" data-w=\"1200\" data-h=\"1600\"><div class=\"hybgl-item-wrapper\"><div class=\"hybgl-item-overlay\"><div class=\"hybgl-item-overlay-inner\"><div class=\"hybgl-item-inner\" style=\"background-image:url(https:\/\/itifistas.edu.co\/itif\/wp-content\/uploads\/2026\/03\/WhatsApp-Image-2026-03-05-at-7.27.00-AM-1.jpeg);\"><\/div><\/div><\/div><a class=\"hybgl-button hybgl-button-action-zoom hybgl-button-style-full mfp-image\" href=\"https:\/\/itifistas.edu.co\/itif\/wp-content\/uploads\/2026\/03\/WhatsApp-Image-2026-03-05-at-7.27.00-AM-1.jpeg\" title=\"WhatsApp Image 2026-03-05 at 7.27.00 AM (1)\" data-descr=\"\"><\/a><\/div><\/div><div class=\"hybgl-item\" data-w=\"1200\" data-h=\"1600\"><div class=\"hybgl-item-wrapper\"><div class=\"hybgl-item-overlay\"><div class=\"hybgl-item-overlay-inner\"><div class=\"hybgl-item-inner\" style=\"background-image:url(https:\/\/itifistas.edu.co\/itif\/wp-content\/uploads\/2026\/03\/WhatsApp-Image-2026-03-05-at-7.26.33-AM.jpeg);\"><\/div><\/div><\/div><a class=\"hybgl-button hybgl-button-action-zoom hybgl-button-style-full mfp-image\" href=\"https:\/\/itifistas.edu.co\/itif\/wp-content\/uploads\/2026\/03\/WhatsApp-Image-2026-03-05-at-7.26.33-AM.jpeg\" title=\"WhatsApp Image 2026-03-05 at 7.26.33 AM\" data-descr=\"\"><\/a><\/div><\/div><\/div><\/div><\/div><!-- End Hybrid Gallery --><\/p>\n","protected":false},"excerpt":{"rendered":"<p>\ud83d\udd22Es una iniciativa que busca fortalecer el aprendizaje de las matem\u00e1ticas a trav\u00e9s de estrategias din\u00e1micas y motivadoras. En este proyecto, los estudiantes participan en rondas clasificatorias donde ponen a prueba su agilidad mental y sus habilidades de c\u00e1lculo en un ambiente l\u00fadico. De esta manera, los ni\u00f1os aprenden matem\u00e1ticas jugando, desarrollando el pensamiento l\u00f3gico,&hellip;<\/p>\n","protected":false},"author":1,"featured_media":0,"parent":0,"menu_order":0,"comment_status":"closed","ping_status":"closed","template":"","meta":[],"_links":{"self":[{"href":"https:\/\/itifistas.edu.co\/itif\/index.php\/wp-json\/wp\/v2\/pages\/164"}],"collection":[{"href":"https:\/\/itifistas.edu.co\/itif\/index.php\/wp-json\/wp\/v2\/pages"}],"about":[{"href":"https:\/\/itifistas.edu.co\/itif\/index.php\/wp-json\/wp\/v2\/types\/page"}],"author":[{"embeddable":true,"href":"https:\/\/itifistas.edu.co\/itif\/index.php\/wp-json\/wp\/v2\/users\/1"}],"replies":[{"embeddable":true,"href":"https:\/\/itifistas.edu.co\/itif\/index.php\/wp-json\/wp\/v2\/comments?post=164"}],"version-history":[{"count":26,"href":"https:\/\/itifistas.edu.co\/itif\/index.php\/wp-json\/wp\/v2\/pages\/164\/revisions"}],"predecessor-version":[{"id":4905,"href":"https:\/\/itifistas.edu.co\/itif\/index.php\/wp-json\/wp\/v2\/pages\/164\/revisions\/4905"}],"wp:attachment":[{"href":"https:\/\/itifistas.edu.co\/itif\/index.php\/wp-json\/wp\/v2\/media?parent=164"}],"curies":[{"name":"wp","href":"https:\/\/api.w.org\/{rel}","templated":true}]}}