{"id":158,"date":"2019-09-09T18:25:10","date_gmt":"2019-09-09T18:25:10","guid":{"rendered":"http:\/\/itifistas.edu.co\/itif\/?page_id=158"},"modified":"2026-01-23T13:32:59","modified_gmt":"2026-01-23T13:32:59","slug":"modalidad-tenica","status":"publish","type":"page","link":"https:\/\/itifistas.edu.co\/itif\/index.php\/modalidad-tenica\/","title":{"rendered":"\ud83c\udfedTalleres."},"content":{"rendered":"\r\n<p>Debido\u00a0 al auge que ven\u00eda teniendo el\u00a0 Instituto T\u00e9cnico\u00a0 Industrial de Facatativ\u00e1\u00a0 a comienzo de los a\u00f1os 60, se realiza la gesti\u00f3n para que el INSTITUTO COLOMBIANO DE CONSTRUCCIONES ESCOLARES (ICCE) contribuyera con la ampliaci\u00f3n de la planta f\u00edsica \u00a0con el fin de dar m\u00e1s cobertura y tener unos talleres adecuados para el fortalecimiento <!--more--> de la ense\u00f1anza\u00a0 t\u00e9cnica.<\/p>\r\n<p>En el a\u00f1o 1967 ICCE hace entrega de dos bloques para los talleres, en un lote contiguo al sector del Parque Arqueol\u00f3gico las Piedras del Tunjo. Algunos \u00a0a\u00f1os despu\u00e9s el mismo ICCE hace dotaci\u00f3n a las especialidades: MATERIALISTA, MODELERIA Y PL\u00c1STICOS, DIBUJO T\u00c9CNICO, MEC\u00c1NICA INDUSTRIAL, MEC\u00c1NICA AUTOMOTRIZ, ELECTRICIDAD Y ELECTR\u00d3NICA. Entonces los estudiantes ve\u00edan esos talleres. De grado Primero de Bachillerato (sexto) a Grado Tercero (Octavo) \u00a0rotaban por las distintas especialidades. Ya en grado cuarto de Bachillerato (Noveno) escog\u00edan una especialidad t\u00e9cnica y sal\u00edan en grado Sexto de Bachillerato (Once) con la titulaci\u00f3n de BACHILLER T\u00c9CNICO EN LA RESPECTIVA ESPECIALIDAD.<\/p>\r\n<p>As\u00ed funcion\u00f3 durante varios a\u00f1os donde los estudiantes a esta sede solo ven\u00edan a Talleres. Por la necesidad de ampliar cobertura debido a la demanda de cupos, se hizo perentorio \u00a0realizar la gesti\u00f3n para construir unas aulas de clase, una zona administrativa , laboratorios\u00a0 y fue as\u00ed como poco a poco se fue integrando esta sede con la parte Acad\u00e9mica y se trajeron en su totalidad los grados Novenos, d\u00e9cimo y Once.<\/p>\r\n<p>Con los cambios de las normas\u00a0 y en especial la Ley General de Educaci\u00f3n (1994) se cercen\u00f3 la parte T\u00e9cnica y se quitaron recursos estatales por lo que ya los t\u00edtulos autorizados eran BACHILLERES CON MEDIA T\u00c9CNICA en cada una de las especialidades y los recursos destinados para el funcionamiento de los talleres desde ese momento han sido m\u00ednimos<\/p>\r\n<p>El colegio poco a poco ha ido adaptadodese a las necesidades del medio y contexto y se han realizado cambios en algunas modalidades. El taller de Modelar\u00eda, Pl\u00e1sticos y fundici\u00f3n se acab\u00f3 y se dio inicio al taller de Ebanister\u00eda.\u00a0 Igualmente se fusiono hace unos 5 a\u00f1os el Taller de Metalister\u00eda con el taller de Mec\u00e1nica Industrial y en la actualidad se llama Metalmec\u00e1nica. En el a\u00f1o 2016 tambi\u00e9n se dio un cambio al taller de dibujo T\u00e9cnico\u00a0 por la Especialidad de Dise\u00f1o Industrial.<\/p>\r\n<p>Esta sede Funciono varios a\u00f1os con los grados Noveno a grado Once, pero en el a\u00f1o 2015 se implement\u00f3 cobertura recibiendo en ese entonces dos grados sextos para frenar el impacto de tanta deserci\u00f3n y perdida de a\u00f1o situaci\u00f3n que dio algunas situaciones positivas, como adaptaci\u00f3n de los ni\u00f1os, menos deserci\u00f3n, y m\u00e1s conocimiento del colegio ya que se cre\u00eda que en esta sede solo era para Talleres.<\/p>\r\n<p>Se han realizado convenios con distintas entidades como EL SENA,\u00a0 El Batall\u00f3n de Comunicaciones y\u00a0 otras instituciones de Car\u00e1cter t\u00e9cnico\u00a0 que coadyuvan en la formaci\u00f3n T\u00e9cnica\u00a0 y para el Trabajo \u00a0y fortalecimiento \u00a0de competencias laborales y ciudadanas. Todo este esfuerzo, trabajo pedag\u00f3gico, aunado al trabajo en equipo y direccionado por un PEI en permanente evaluaci\u00f3n y planes de mejoramiento continuo han permitido que el colegio se Posicione con calidad en nuestro municipio. Es un trabajo mancomunado desde rector\u00eda y los distintos \u00f3rganos del gobierno escolar y docentes con criterios pedag\u00f3gicos claros; con un proyecto formativo integrador,\u00a0 con un enfoque met\u00f3dico de aprendizaje basado de problemas que sirven de base para que sea una aprendizaje significativo.<\/p>\r\n<p>Nuestros estudiantes muestran un gran sentido de pertenencia institucional \u00a0ya que tienen motivaciones complementarias como una Sala de computo (PVD) jornada \u00danica para los estudiantes de d\u00e9cimo y once (de 6 am hasta las 2:00 pm) con almuerzo incluido dado por la alcald\u00eda municipal. Espacios para la pr\u00e1ctica del\u00a0 deporte, amplias zonas verdes, servicio de papeler\u00eda y caseta escolar, aulas especializadas, mobiliario en muy buenas condiciones, docentes id\u00f3neos, exigentes y dispuestos a atender las inquietudes y necesidades.<\/p>\r\n\r\n\r\n<style>\r\n.hybgl-metro-158-1 .hybgl-prl1-double-bounce1,\r\n.hybgl-metro-158-1 .hybgl-prl1-double-bounce2,\r\n.hybgl-metro-158-1 .hybgl-prl2-spinner,\r\n.hybgl-metro-158-1 .hybgl-prl3-spinner > div,\r\n.hybgl-metro-158-1 .hybgl-prl4-sk-folding-cube .hybgl-prl4-sk-cube:before,\r\n.hybgl-metro-158-1 .hybgl-prl5-cube1, .hybgl-prl5-cube2,\r\n.hybgl-metro-158-1 .hybgl-prl6-dot1, .hybgl-prl6-dot2,\r\n.hybgl-metro-158-1 .hybgl-prl7-spinner > div,\r\n.hybgl-metro-158-1 .hybgl-prl8-sk-circle .hybgl-prl8-sk-child:before,\r\n.hybgl-metro-158-1 .hybgl-prl9-sk-cube-grid .hybgl-prl9-sk-cube,\r\n.hybgl-metro-158-1 .hybgl-prl10-pacman>div:nth-child(3),\r\n.hybgl-metro-158-1 .hybgl-prl10-pacman>div:nth-child(4),\r\n.hybgl-metro-158-1 .hybgl-prl10-pacman>div:nth-child(5),\r\n.hybgl-metro-158-1 .hybgl-prl10-pacman>div:nth-child(6),\r\n.hybgl-metro-158-1.hybgl-style-1 .hybgl-button i,\r\n.hybgl-metro-158-1.hybgl-style-1 .hybgl-item-meta,\r\n.hybgl-metro-158-1.hybgl-style-3 .hybgl-item-inner:before,\r\n.hybgl-metro-158-1 .hybgl-filter-label:hover,\r\n.hybgl-metro-158-1 .hybgl-filter-label-active,\r\n.hybgl-metro-158-1 .hybgl-filter-label:before {\r\n    background: #00cc17;\r\n}\r\n\r\n.hybgl-metro-158-1 .hybgl-pagin-num-page:hover,\r\n.hybgl-metro-158-1 .hybgl-pagin-cs-page:hover,\r\n.hybgl-metro-158-1.hybgl-style-2.hybgl-buttons-show .hybgl-item-inner:before {\r\n    background: #00cc17;\r\n    background: rgba(0,204,23,0.5);\r\n}\r\n\r\n.hybgl-metro-158-1 .hybgl-prl10-pacman>div:first-of-type,\r\n.hybgl-metro-158-1 .hybgl-prl10-pacman>div:nth-child(2) {\r\n    border-top-color: #00cc17;\r\n    border-left-color: #00cc17;\r\n    border-bottom-color: #00cc17;\r\n}\r\n\r\n.hybgl-metro-158-1 .hybgl-filter-label,\r\n.hybgl-metro-158-1 .hybgl-pagin-num-page:hover,\r\n.hybgl-metro-158-1 .hybgl-pagin-cs-page:hover {\r\n    border-color: #00cc17;\r\n}\r\n\r\n.hybgl-metro-158-1 .hybgl-filter-label,\r\n.hybgl-metro-158-1.hybgl-style-2.hybgl-click-action-lb-link .hybgl-button i:hover,\r\n.hybgl-metro-158-1.hybgl-style-3 .hybgl-button i,\r\n.hybgl-metro-158-1.hybgl-style-4 .hybgl-button i,\r\n.hybgl-metro-158-1.hybgl-style-4 .hybgl-item-meta .hybgl-item-meta-title {\r\n    color: #00cc17;\r\n}\r\n\r\n.hybgl-metro-158-1 .hybgl-filter-label:hover,\r\n.hybgl-metro-158-1 .hybgl-filter-label-active {\r\n    color: #fff;\r\n}\r\n\r\n.hybgl-metro-158-1 .hybgl-filter-label-active:before {\r\n    background: #fff;\r\n}\r\n<\/style>\r\n\r\n<!-- Start Hybrid Gallery --><div class=\"hybgl-box hybgl-mode-grid hybgl-layout-metro hybgl-size-equal hybgl-lightbox hybgl-lightbox-lib-mp hybgl-click-action-lb hybgl-style-1 hybgl-buttons-hide hybgl-extra-animation hybgl-metro-158-1 hybgl-clearfix\" data-id=\"158\" data-selector=\"hybgl-metro-158-1\" data-mode=\"isotope\" data-layout=\"metro\" data-metro-style=\"1\" data-size=\"equal\" data-cols=\"3\" data-gap-x=\"10\" data-gap-y=\"10\" data-ratio=\"1-1\" data-lightbox=\"mp\" data-style=\"1\" data-animation=\"fadeInUp\" data-loader-delay=\"300\" data-design=\"{#w_vl#:#100#,#w_un#:#pc#,#align#:#none#}\" data-res=\"{#1024#:{#w#:#auto#,#w_vl#:#100#,#w_un#:#pc#,#cols#:#auto#,#align#:#auto#},#800#:{#w#:#auto#,#w_vl#:#100#,#w_un#:#pc#,#cols#:#auto#,#align#:#auto#},#768#:{#w#:#auto#,#w_vl#:#100#,#w_un#:#pc#,#cols#:#auto#,#align#:#auto#},#600#:{#w#:#auto#,#w_vl#:#100#,#w_un#:#pc#,#cols#:#auto#,#align#:#auto#},#480#:{#w#:#auto#,#w_vl#:#100#,#w_un#:#pc#,#cols#:#auto#,#align#:#auto#}}\"><div class=\"hybgl-loader hybgl-loader-center hybgl-clearfix hybgl-prl1-bounce-loader\"><div class=\"hybgl-prl1-spinner\"><div class=\"hybgl-prl1-double-bounce1\"><\/div><div class=\"hybgl-prl1-double-bounce2\"><\/div><\/div><\/div><div class=\"hybgl-wrapper hybgl-clearfix\"><div class=\"hybgl-container hybgl-clearfix\"><div class=\"hybgl-item\" data-w=\"1280\" data-h=\"960\"><div class=\"hybgl-item-wrapper\"><div class=\"hybgl-item-overlay\"><div class=\"hybgl-item-overlay-inner\"><div class=\"hybgl-item-inner\" style=\"background-image:url(https:\/\/itifistas.edu.co\/itif\/wp-content\/uploads\/2026\/01\/WhatsApp-Image-2026-01-21-at-12.26.20-PM.jpeg);\"><\/div><\/div><\/div><a class=\"hybgl-button hybgl-button-action-zoom hybgl-button-style-full mfp-image\" href=\"https:\/\/itifistas.edu.co\/itif\/wp-content\/uploads\/2026\/01\/WhatsApp-Image-2026-01-21-at-12.26.20-PM.jpeg\" title=\"WhatsApp Image 2026-01-21 at 12.26.20 PM\" data-descr=\"\"><\/a><\/div><\/div><div class=\"hybgl-item\" data-w=\"1280\" data-h=\"960\"><div class=\"hybgl-item-wrapper\"><div class=\"hybgl-item-overlay\"><div class=\"hybgl-item-overlay-inner\"><div class=\"hybgl-item-inner\" style=\"background-image:url(https:\/\/itifistas.edu.co\/itif\/wp-content\/uploads\/2026\/01\/WhatsApp-Image-2026-01-21-at-12.26.21-PM.jpeg);\"><\/div><\/div><\/div><a class=\"hybgl-button hybgl-button-action-zoom hybgl-button-style-full mfp-image\" href=\"https:\/\/itifistas.edu.co\/itif\/wp-content\/uploads\/2026\/01\/WhatsApp-Image-2026-01-21-at-12.26.21-PM.jpeg\" title=\"WhatsApp Image 2026-01-21 at 12.26.21 PM\" data-descr=\"\"><\/a><\/div><\/div><div class=\"hybgl-item\" data-w=\"1280\" data-h=\"960\"><div class=\"hybgl-item-wrapper\"><div class=\"hybgl-item-overlay\"><div class=\"hybgl-item-overlay-inner\"><div class=\"hybgl-item-inner\" style=\"background-image:url(https:\/\/itifistas.edu.co\/itif\/wp-content\/uploads\/2026\/01\/WhatsApp-Image-2026-01-21-at-12.27.53-PM-1.jpeg);\"><\/div><\/div><\/div><a class=\"hybgl-button hybgl-button-action-zoom hybgl-button-style-full mfp-image\" href=\"https:\/\/itifistas.edu.co\/itif\/wp-content\/uploads\/2026\/01\/WhatsApp-Image-2026-01-21-at-12.27.53-PM-1.jpeg\" title=\"WhatsApp Image 2026-01-21 at 12.27.53 PM (1)\" data-descr=\"\"><\/a><\/div><\/div><div class=\"hybgl-item\" data-w=\"1280\" data-h=\"872\"><div class=\"hybgl-item-wrapper\"><div class=\"hybgl-item-overlay\"><div class=\"hybgl-item-overlay-inner\"><div class=\"hybgl-item-inner\" style=\"background-image:url(https:\/\/itifistas.edu.co\/itif\/wp-content\/uploads\/2026\/01\/WhatsApp-Image-2026-01-21-at-12.27.53-PM.jpeg);\"><\/div><\/div><\/div><a class=\"hybgl-button hybgl-button-action-zoom hybgl-button-style-full mfp-image\" href=\"https:\/\/itifistas.edu.co\/itif\/wp-content\/uploads\/2026\/01\/WhatsApp-Image-2026-01-21-at-12.27.53-PM.jpeg\" title=\"WhatsApp Image 2026-01-21 at 12.27.53 PM\" data-descr=\"\"><\/a><\/div><\/div><div class=\"hybgl-item\" data-w=\"1280\" data-h=\"611\"><div class=\"hybgl-item-wrapper\"><div class=\"hybgl-item-overlay\"><div class=\"hybgl-item-overlay-inner\"><div class=\"hybgl-item-inner\" style=\"background-image:url(https:\/\/itifistas.edu.co\/itif\/wp-content\/uploads\/2026\/01\/WhatsApp-Image-2026-01-21-at-12.31.19-PM-1.jpeg);\"><\/div><\/div><\/div><a class=\"hybgl-button hybgl-button-action-zoom hybgl-button-style-full mfp-image\" href=\"https:\/\/itifistas.edu.co\/itif\/wp-content\/uploads\/2026\/01\/WhatsApp-Image-2026-01-21-at-12.31.19-PM-1.jpeg\" title=\"WhatsApp Image 2026-01-21 at 12.31.19 PM (1)\" data-descr=\"\"><\/a><\/div><\/div><div class=\"hybgl-item\" data-w=\"1280\" data-h=\"769\"><div class=\"hybgl-item-wrapper\"><div class=\"hybgl-item-overlay\"><div class=\"hybgl-item-overlay-inner\"><div class=\"hybgl-item-inner\" style=\"background-image:url(https:\/\/itifistas.edu.co\/itif\/wp-content\/uploads\/2026\/01\/WhatsApp-Image-2026-01-21-at-12.31.19-PM.jpeg);\"><\/div><\/div><\/div><a class=\"hybgl-button hybgl-button-action-zoom hybgl-button-style-full mfp-image\" href=\"https:\/\/itifistas.edu.co\/itif\/wp-content\/uploads\/2026\/01\/WhatsApp-Image-2026-01-21-at-12.31.19-PM.jpeg\" title=\"WhatsApp Image 2026-01-21 at 12.31.19 PM\" data-descr=\"\"><\/a><\/div><\/div><div class=\"hybgl-item\" data-w=\"1280\" data-h=\"685\"><div class=\"hybgl-item-wrapper\"><div class=\"hybgl-item-overlay\"><div class=\"hybgl-item-overlay-inner\"><div class=\"hybgl-item-inner\" style=\"background-image:url(https:\/\/itifistas.edu.co\/itif\/wp-content\/uploads\/2026\/01\/WhatsApp-Image-2026-01-21-at-12.35.02-PM.jpeg);\"><\/div><\/div><\/div><a class=\"hybgl-button hybgl-button-action-zoom hybgl-button-style-full mfp-image\" href=\"https:\/\/itifistas.edu.co\/itif\/wp-content\/uploads\/2026\/01\/WhatsApp-Image-2026-01-21-at-12.35.02-PM.jpeg\" title=\"WhatsApp Image 2026-01-21 at 12.35.02 PM\" data-descr=\"\"><\/a><\/div><\/div><div class=\"hybgl-item\" data-w=\"1280\" data-h=\"960\"><div class=\"hybgl-item-wrapper\"><div class=\"hybgl-item-overlay\"><div class=\"hybgl-item-overlay-inner\"><div class=\"hybgl-item-inner\" style=\"background-image:url(https:\/\/itifistas.edu.co\/itif\/wp-content\/uploads\/2026\/01\/WhatsApp-Image-2026-01-21-at-12.26.20-PM-2.jpeg);\"><\/div><\/div><\/div><a class=\"hybgl-button hybgl-button-action-zoom hybgl-button-style-full mfp-image\" href=\"https:\/\/itifistas.edu.co\/itif\/wp-content\/uploads\/2026\/01\/WhatsApp-Image-2026-01-21-at-12.26.20-PM-2.jpeg\" title=\"WhatsApp Image 2026-01-21 at 12.26.20 PM (2)\" data-descr=\"\"><\/a><\/div><\/div><div class=\"hybgl-item\" data-w=\"1280\" data-h=\"960\"><div class=\"hybgl-item-wrapper\"><div class=\"hybgl-item-overlay\"><div class=\"hybgl-item-overlay-inner\"><div class=\"hybgl-item-inner\" style=\"background-image:url(https:\/\/itifistas.edu.co\/itif\/wp-content\/uploads\/2026\/01\/WhatsApp-Image-2026-01-21-at-12.26.20-PM-1-2.jpeg);\"><\/div><\/div><\/div><a class=\"hybgl-button hybgl-button-action-zoom hybgl-button-style-full mfp-image\" href=\"https:\/\/itifistas.edu.co\/itif\/wp-content\/uploads\/2026\/01\/WhatsApp-Image-2026-01-21-at-12.26.20-PM-1-2.jpeg\" title=\"WhatsApp Image 2026-01-21 at 12.26.20 PM (1)\" data-descr=\"\"><\/a><\/div><\/div><\/div><\/div><\/div><!-- End Hybrid Gallery -->\r\n","protected":false},"excerpt":{"rendered":"<p>Debido\u00a0 al auge que ven\u00eda teniendo el\u00a0 Instituto T\u00e9cnico\u00a0 Industrial de Facatativ\u00e1\u00a0 a comienzo de los a\u00f1os 60, se realiza la gesti\u00f3n para que el INSTITUTO COLOMBIANO DE CONSTRUCCIONES ESCOLARES (ICCE) contribuyera con la ampliaci\u00f3n de la planta f\u00edsica \u00a0con el fin de dar m\u00e1s cobertura y tener unos talleres adecuados para el fortalecimiento<\/p>\n","protected":false},"author":1,"featured_media":342,"parent":0,"menu_order":0,"comment_status":"closed","ping_status":"closed","template":"","meta":[],"_links":{"self":[{"href":"https:\/\/itifistas.edu.co\/itif\/index.php\/wp-json\/wp\/v2\/pages\/158"}],"collection":[{"href":"https:\/\/itifistas.edu.co\/itif\/index.php\/wp-json\/wp\/v2\/pages"}],"about":[{"href":"https:\/\/itifistas.edu.co\/itif\/index.php\/wp-json\/wp\/v2\/types\/page"}],"author":[{"embeddable":true,"href":"https:\/\/itifistas.edu.co\/itif\/index.php\/wp-json\/wp\/v2\/users\/1"}],"replies":[{"embeddable":true,"href":"https:\/\/itifistas.edu.co\/itif\/index.php\/wp-json\/wp\/v2\/comments?post=158"}],"version-history":[{"count":11,"href":"https:\/\/itifistas.edu.co\/itif\/index.php\/wp-json\/wp\/v2\/pages\/158\/revisions"}],"predecessor-version":[{"id":4594,"href":"https:\/\/itifistas.edu.co\/itif\/index.php\/wp-json\/wp\/v2\/pages\/158\/revisions\/4594"}],"wp:featuredmedia":[{"embeddable":true,"href":"https:\/\/itifistas.edu.co\/itif\/index.php\/wp-json\/wp\/v2\/media\/342"}],"wp:attachment":[{"href":"https:\/\/itifistas.edu.co\/itif\/index.php\/wp-json\/wp\/v2\/media?parent=158"}],"curies":[{"name":"wp","href":"https:\/\/api.w.org\/{rel}","templated":true}]}}