{"id":156,"date":"2019-09-09T18:24:39","date_gmt":"2019-09-09T18:24:39","guid":{"rendered":"http:\/\/itifistas.edu.co\/itif\/?page_id=156"},"modified":"2026-02-19T15:31:12","modified_gmt":"2026-02-19T15:31:12","slug":"bachillerato","status":"publish","type":"page","link":"https:\/\/itifistas.edu.co\/itif\/index.php\/bachillerato\/","title":{"rendered":"\ud83c\udfebCentro-Principal."},"content":{"rendered":"<div id=\"pl-156\"  class=\"panel-layout\" ><div id=\"pg-156-0\"  class=\"panel-grid panel-no-style\" ><div id=\"pgc-156-0-0\"  class=\"panel-grid-cell\" ><div id=\"panel-156-0-0-0\" class=\"so-panel widget widget_sow-editor panel-first-child\" data-index=\"0\" ><div class=\"so-widget-sow-editor so-widget-sow-editor-base\">\n<div class=\"siteorigin-widget-tinymce textwidget\">\n\t<p>En la sede Centro ofertamos los grados Sextos, S\u00e9ptimos y Octavos orient\u00e1ndolos hacia los oficios t\u00e9cnicos junto con las TICS en las modalidades t\u00e9cnicas.<\/p>\n<p>La sede Centro ofrece a la comunidad especialmente a los ni\u00f1os(as) pre-adolescentes y adolescentes alternativas de cambio para su proyectar de vida, con una misi\u00f3n diaria en el acompa\u00f1amiento y en el reforzar los valores esencialmente el de la vida y el del respeto hacia los dem\u00e1s, comenzando dentro del aula mater.<\/p>\n<p>Contamos en promedio con 600 educandos en la proyecci\u00f3n su aprendizaje en la parte T\u00e9cnica.<\/p>\n<p>Nos encontramos con un grupo de docentes id\u00f3neos, pertinentes y consagrados a sus labores acad\u00e9micas misionales, con el prop\u00f3sito de entregar seres \u00edntegros a una sociedad de mayor exigencia.<\/p>\n<div class=\"host-lopnbnfpjmgpbppclhclehhgafnifija\" style=\"position: relative; z-index: 2147483647;\"><\/div>\n<\/div>\n<\/div><\/div><div id=\"panel-156-0-0-1\" class=\"so-panel widget widget_sow-editor panel-last-child\" data-index=\"1\" ><div class=\"so-widget-sow-editor so-widget-sow-editor-base\">\n<div class=\"siteorigin-widget-tinymce textwidget\">\n\t\r\n<style>\r\n.hybgl-metro-156-1 .hybgl-prl1-double-bounce1,\r\n.hybgl-metro-156-1 .hybgl-prl1-double-bounce2,\r\n.hybgl-metro-156-1 .hybgl-prl2-spinner,\r\n.hybgl-metro-156-1 .hybgl-prl3-spinner > div,\r\n.hybgl-metro-156-1 .hybgl-prl4-sk-folding-cube .hybgl-prl4-sk-cube:before,\r\n.hybgl-metro-156-1 .hybgl-prl5-cube1, .hybgl-prl5-cube2,\r\n.hybgl-metro-156-1 .hybgl-prl6-dot1, .hybgl-prl6-dot2,\r\n.hybgl-metro-156-1 .hybgl-prl7-spinner > div,\r\n.hybgl-metro-156-1 .hybgl-prl8-sk-circle .hybgl-prl8-sk-child:before,\r\n.hybgl-metro-156-1 .hybgl-prl9-sk-cube-grid .hybgl-prl9-sk-cube,\r\n.hybgl-metro-156-1 .hybgl-prl10-pacman>div:nth-child(3),\r\n.hybgl-metro-156-1 .hybgl-prl10-pacman>div:nth-child(4),\r\n.hybgl-metro-156-1 .hybgl-prl10-pacman>div:nth-child(5),\r\n.hybgl-metro-156-1 .hybgl-prl10-pacman>div:nth-child(6),\r\n.hybgl-metro-156-1.hybgl-style-1 .hybgl-button i,\r\n.hybgl-metro-156-1.hybgl-style-1 .hybgl-item-meta,\r\n.hybgl-metro-156-1.hybgl-style-3 .hybgl-item-inner:before,\r\n.hybgl-metro-156-1 .hybgl-filter-label:hover,\r\n.hybgl-metro-156-1 .hybgl-filter-label-active,\r\n.hybgl-metro-156-1 .hybgl-filter-label:before {\r\n    background: #00c403;\r\n}\r\n\r\n.hybgl-metro-156-1 .hybgl-pagin-num-page:hover,\r\n.hybgl-metro-156-1 .hybgl-pagin-cs-page:hover,\r\n.hybgl-metro-156-1.hybgl-style-2.hybgl-buttons-show .hybgl-item-inner:before {\r\n    background: #00c403;\r\n    background: rgba(0,196,3,0.5);\r\n}\r\n\r\n.hybgl-metro-156-1 .hybgl-prl10-pacman>div:first-of-type,\r\n.hybgl-metro-156-1 .hybgl-prl10-pacman>div:nth-child(2) {\r\n    border-top-color: #00c403;\r\n    border-left-color: #00c403;\r\n    border-bottom-color: #00c403;\r\n}\r\n\r\n.hybgl-metro-156-1 .hybgl-filter-label,\r\n.hybgl-metro-156-1 .hybgl-pagin-num-page:hover,\r\n.hybgl-metro-156-1 .hybgl-pagin-cs-page:hover {\r\n    border-color: #00c403;\r\n}\r\n\r\n.hybgl-metro-156-1 .hybgl-filter-label,\r\n.hybgl-metro-156-1.hybgl-style-2.hybgl-click-action-lb-link .hybgl-button i:hover,\r\n.hybgl-metro-156-1.hybgl-style-3 .hybgl-button i,\r\n.hybgl-metro-156-1.hybgl-style-4 .hybgl-button i,\r\n.hybgl-metro-156-1.hybgl-style-4 .hybgl-item-meta .hybgl-item-meta-title {\r\n    color: #00c403;\r\n}\r\n\r\n.hybgl-metro-156-1 .hybgl-filter-label:hover,\r\n.hybgl-metro-156-1 .hybgl-filter-label-active {\r\n    color: #fff;\r\n}\r\n\r\n.hybgl-metro-156-1 .hybgl-filter-label-active:before {\r\n    background: #fff;\r\n}\r\n<\/style>\r\n\r\n<!-- Start Hybrid Gallery --><div class=\"hybgl-box hybgl-mode-grid hybgl-layout-metro hybgl-size-equal hybgl-lightbox hybgl-lightbox-lib-mp hybgl-click-action-lb hybgl-style-1 hybgl-buttons-hide hybgl-extra-animation hybgl-metro-156-1 hybgl-clearfix\" data-id=\"156\" data-selector=\"hybgl-metro-156-1\" data-mode=\"isotope\" data-layout=\"metro\" data-metro-style=\"1\" data-size=\"equal\" data-cols=\"3\" data-gap-x=\"10\" data-gap-y=\"10\" data-ratio=\"1-1\" data-lightbox=\"mp\" data-style=\"1\" data-animation=\"fadeInUp\" data-loader-delay=\"300\" data-design=\"{#w_vl#:#100#,#w_un#:#pc#,#align#:#none#}\" data-res=\"{#1024#:{#w#:#auto#,#w_vl#:#100#,#w_un#:#pc#,#cols#:#auto#,#align#:#auto#},#800#:{#w#:#auto#,#w_vl#:#100#,#w_un#:#pc#,#cols#:#auto#,#align#:#auto#},#768#:{#w#:#auto#,#w_vl#:#100#,#w_un#:#pc#,#cols#:#auto#,#align#:#auto#},#600#:{#w#:#auto#,#w_vl#:#100#,#w_un#:#pc#,#cols#:#auto#,#align#:#auto#},#480#:{#w#:#auto#,#w_vl#:#100#,#w_un#:#pc#,#cols#:#auto#,#align#:#auto#}}\"><div class=\"hybgl-loader hybgl-loader-center hybgl-clearfix hybgl-prl1-bounce-loader\"><div class=\"hybgl-prl1-spinner\"><div class=\"hybgl-prl1-double-bounce1\"><\/div><div class=\"hybgl-prl1-double-bounce2\"><\/div><\/div><\/div><div class=\"hybgl-wrapper hybgl-clearfix\"><div class=\"hybgl-container hybgl-clearfix\"><div class=\"hybgl-item\" data-w=\"1600\" data-h=\"1200\"><div class=\"hybgl-item-wrapper\"><div class=\"hybgl-item-overlay\"><div class=\"hybgl-item-overlay-inner\"><div class=\"hybgl-item-inner\" style=\"background-image:url(https:\/\/itifistas.edu.co\/itif\/wp-content\/uploads\/2026\/01\/1-1280x960.jpeg);\"><\/div><\/div><\/div><a class=\"hybgl-button hybgl-button-action-zoom hybgl-button-style-full mfp-image\" href=\"https:\/\/itifistas.edu.co\/itif\/wp-content\/uploads\/2026\/01\/1.jpeg\" title=\"1\" data-descr=\"\"><\/a><\/div><\/div><div class=\"hybgl-item\" data-w=\"1600\" data-h=\"1200\"><div class=\"hybgl-item-wrapper\"><div class=\"hybgl-item-overlay\"><div class=\"hybgl-item-overlay-inner\"><div class=\"hybgl-item-inner\" style=\"background-image:url(https:\/\/itifistas.edu.co\/itif\/wp-content\/uploads\/2026\/01\/2-1280x960.jpeg);\"><\/div><\/div><\/div><a class=\"hybgl-button hybgl-button-action-zoom hybgl-button-style-full mfp-image\" href=\"https:\/\/itifistas.edu.co\/itif\/wp-content\/uploads\/2026\/01\/2.jpeg\" title=\"2\" data-descr=\"\"><\/a><\/div><\/div><div class=\"hybgl-item\" data-w=\"1600\" data-h=\"1204\"><div class=\"hybgl-item-wrapper\"><div class=\"hybgl-item-overlay\"><div class=\"hybgl-item-overlay-inner\"><div class=\"hybgl-item-inner\" style=\"background-image:url(https:\/\/itifistas.edu.co\/itif\/wp-content\/uploads\/2026\/01\/3-1280x963.jpeg);\"><\/div><\/div><\/div><a class=\"hybgl-button hybgl-button-action-zoom hybgl-button-style-full mfp-image\" href=\"https:\/\/itifistas.edu.co\/itif\/wp-content\/uploads\/2026\/01\/3.jpeg\" title=\"3\" data-descr=\"\"><\/a><\/div><\/div><div class=\"hybgl-item\" data-w=\"1280\" data-h=\"960\"><div class=\"hybgl-item-wrapper\"><div class=\"hybgl-item-overlay\"><div class=\"hybgl-item-overlay-inner\"><div class=\"hybgl-item-inner\" style=\"background-image:url(https:\/\/itifistas.edu.co\/itif\/wp-content\/uploads\/2026\/01\/4.jpeg);\"><\/div><\/div><\/div><a class=\"hybgl-button hybgl-button-action-zoom hybgl-button-style-full mfp-image\" href=\"https:\/\/itifistas.edu.co\/itif\/wp-content\/uploads\/2026\/01\/4.jpeg\" title=\"4\" data-descr=\"\"><\/a><\/div><\/div><div class=\"hybgl-item\" data-w=\"1280\" data-h=\"960\"><div class=\"hybgl-item-wrapper\"><div class=\"hybgl-item-overlay\"><div class=\"hybgl-item-overlay-inner\"><div class=\"hybgl-item-inner\" style=\"background-image:url(https:\/\/itifistas.edu.co\/itif\/wp-content\/uploads\/2026\/01\/6.jpeg);\"><\/div><\/div><\/div><a class=\"hybgl-button hybgl-button-action-zoom hybgl-button-style-full mfp-image\" href=\"https:\/\/itifistas.edu.co\/itif\/wp-content\/uploads\/2026\/01\/6.jpeg\" title=\"6\" data-descr=\"\"><\/a><\/div><\/div><div class=\"hybgl-item\" data-w=\"1600\" data-h=\"722\"><div class=\"hybgl-item-wrapper\"><div class=\"hybgl-item-overlay\"><div class=\"hybgl-item-overlay-inner\"><div class=\"hybgl-item-inner\" style=\"background-image:url(https:\/\/itifistas.edu.co\/itif\/wp-content\/uploads\/2026\/01\/7-1280x578.jpeg);\"><\/div><\/div><\/div><a class=\"hybgl-button hybgl-button-action-zoom hybgl-button-style-full mfp-image\" href=\"https:\/\/itifistas.edu.co\/itif\/wp-content\/uploads\/2026\/01\/7.jpeg\" title=\"7\" data-descr=\"\"><\/a><\/div><\/div><div class=\"hybgl-item\" data-w=\"1280\" data-h=\"960\"><div class=\"hybgl-item-wrapper\"><div class=\"hybgl-item-overlay\"><div class=\"hybgl-item-overlay-inner\"><div class=\"hybgl-item-inner\" style=\"background-image:url(https:\/\/itifistas.edu.co\/itif\/wp-content\/uploads\/2026\/01\/8.jpeg);\"><\/div><\/div><\/div><a class=\"hybgl-button hybgl-button-action-zoom hybgl-button-style-full mfp-image\" href=\"https:\/\/itifistas.edu.co\/itif\/wp-content\/uploads\/2026\/01\/8.jpeg\" title=\"8\" data-descr=\"\"><\/a><\/div><\/div><div class=\"hybgl-item\" data-w=\"1600\" data-h=\"1200\"><div class=\"hybgl-item-wrapper\"><div class=\"hybgl-item-overlay\"><div class=\"hybgl-item-overlay-inner\"><div class=\"hybgl-item-inner\" style=\"background-image:url(https:\/\/itifistas.edu.co\/itif\/wp-content\/uploads\/2026\/01\/9-1280x960.jpeg);\"><\/div><\/div><\/div><a class=\"hybgl-button hybgl-button-action-zoom hybgl-button-style-full mfp-image\" href=\"https:\/\/itifistas.edu.co\/itif\/wp-content\/uploads\/2026\/01\/9.jpeg\" title=\"9\" data-descr=\"\"><\/a><\/div><\/div><div class=\"hybgl-item\" data-w=\"1600\" data-h=\"1200\"><div class=\"hybgl-item-wrapper\"><div class=\"hybgl-item-overlay\"><div class=\"hybgl-item-overlay-inner\"><div class=\"hybgl-item-inner\" style=\"background-image:url(https:\/\/itifistas.edu.co\/itif\/wp-content\/uploads\/2026\/01\/10-1280x960.jpeg);\"><\/div><\/div><\/div><a class=\"hybgl-button hybgl-button-action-zoom hybgl-button-style-full mfp-image\" href=\"https:\/\/itifistas.edu.co\/itif\/wp-content\/uploads\/2026\/01\/10.jpeg\" title=\"10\" data-descr=\"\"><\/a><\/div><\/div><div class=\"hybgl-item\" data-w=\"1600\" data-h=\"1200\"><div class=\"hybgl-item-wrapper\"><div class=\"hybgl-item-overlay\"><div class=\"hybgl-item-overlay-inner\"><div class=\"hybgl-item-inner\" style=\"background-image:url(https:\/\/itifistas.edu.co\/itif\/wp-content\/uploads\/2026\/01\/11-1280x960.jpeg);\"><\/div><\/div><\/div><a class=\"hybgl-button hybgl-button-action-zoom hybgl-button-style-full mfp-image\" href=\"https:\/\/itifistas.edu.co\/itif\/wp-content\/uploads\/2026\/01\/11.jpeg\" title=\"11\" data-descr=\"\"><\/a><\/div><\/div><div class=\"hybgl-item\" data-w=\"1280\" data-h=\"960\"><div class=\"hybgl-item-wrapper\"><div class=\"hybgl-item-overlay\"><div class=\"hybgl-item-overlay-inner\"><div class=\"hybgl-item-inner\" style=\"background-image:url(https:\/\/itifistas.edu.co\/itif\/wp-content\/uploads\/2026\/01\/12.jpeg);\"><\/div><\/div><\/div><a class=\"hybgl-button hybgl-button-action-zoom hybgl-button-style-full mfp-image\" href=\"https:\/\/itifistas.edu.co\/itif\/wp-content\/uploads\/2026\/01\/12.jpeg\" title=\"12\" data-descr=\"\"><\/a><\/div><\/div><div class=\"hybgl-item\" data-w=\"1600\" data-h=\"1200\"><div class=\"hybgl-item-wrapper\"><div class=\"hybgl-item-overlay\"><div class=\"hybgl-item-overlay-inner\"><div class=\"hybgl-item-inner\" style=\"background-image:url(https:\/\/itifistas.edu.co\/itif\/wp-content\/uploads\/2026\/01\/13-1280x960.jpeg);\"><\/div><\/div><\/div><a class=\"hybgl-button hybgl-button-action-zoom hybgl-button-style-full mfp-image\" href=\"https:\/\/itifistas.edu.co\/itif\/wp-content\/uploads\/2026\/01\/13.jpeg\" title=\"13\" data-descr=\"\"><\/a><\/div><\/div><div class=\"hybgl-item\" data-w=\"1600\" data-h=\"1200\"><div class=\"hybgl-item-wrapper\"><div class=\"hybgl-item-overlay\"><div class=\"hybgl-item-overlay-inner\"><div class=\"hybgl-item-inner\" style=\"background-image:url(https:\/\/itifistas.edu.co\/itif\/wp-content\/uploads\/2026\/01\/14-1280x960.jpeg);\"><\/div><\/div><\/div><a class=\"hybgl-button hybgl-button-action-zoom hybgl-button-style-full mfp-image\" href=\"https:\/\/itifistas.edu.co\/itif\/wp-content\/uploads\/2026\/01\/14.jpeg\" title=\"14\" data-descr=\"\"><\/a><\/div><\/div><div class=\"hybgl-item\" data-w=\"1600\" data-h=\"1200\"><div class=\"hybgl-item-wrapper\"><div class=\"hybgl-item-overlay\"><div class=\"hybgl-item-overlay-inner\"><div class=\"hybgl-item-inner\" style=\"background-image:url(https:\/\/itifistas.edu.co\/itif\/wp-content\/uploads\/2026\/01\/15-1280x960.jpeg);\"><\/div><\/div><\/div><a class=\"hybgl-button hybgl-button-action-zoom hybgl-button-style-full mfp-image\" href=\"https:\/\/itifistas.edu.co\/itif\/wp-content\/uploads\/2026\/01\/15.jpeg\" title=\"15\" data-descr=\"\"><\/a><\/div><\/div><div class=\"hybgl-item\" data-w=\"1600\" data-h=\"1200\"><div class=\"hybgl-item-wrapper\"><div class=\"hybgl-item-overlay\"><div class=\"hybgl-item-overlay-inner\"><div class=\"hybgl-item-inner\" style=\"background-image:url(https:\/\/itifistas.edu.co\/itif\/wp-content\/uploads\/2026\/01\/17-1280x960.jpeg);\"><\/div><\/div><\/div><a class=\"hybgl-button hybgl-button-action-zoom hybgl-button-style-full mfp-image\" href=\"https:\/\/itifistas.edu.co\/itif\/wp-content\/uploads\/2026\/01\/17.jpeg\" title=\"17\" data-descr=\"\"><\/a><\/div><\/div><div class=\"hybgl-item\" data-w=\"1200\" data-h=\"1600\"><div class=\"hybgl-item-wrapper\"><div class=\"hybgl-item-overlay\"><div class=\"hybgl-item-overlay-inner\"><div class=\"hybgl-item-inner\" style=\"background-image:url(https:\/\/itifistas.edu.co\/itif\/wp-content\/uploads\/2026\/01\/20.jpeg);\"><\/div><\/div><\/div><a class=\"hybgl-button hybgl-button-action-zoom hybgl-button-style-full mfp-image\" href=\"https:\/\/itifistas.edu.co\/itif\/wp-content\/uploads\/2026\/01\/20.jpeg\" title=\"20\" data-descr=\"\"><\/a><\/div><\/div><div class=\"hybgl-item\" data-w=\"1600\" data-h=\"1200\"><div class=\"hybgl-item-wrapper\"><div class=\"hybgl-item-overlay\"><div class=\"hybgl-item-overlay-inner\"><div class=\"hybgl-item-inner\" style=\"background-image:url(https:\/\/itifistas.edu.co\/itif\/wp-content\/uploads\/2026\/01\/28-1280x960.jpeg);\"><\/div><\/div><\/div><a class=\"hybgl-button hybgl-button-action-zoom hybgl-button-style-full mfp-image\" href=\"https:\/\/itifistas.edu.co\/itif\/wp-content\/uploads\/2026\/01\/28.jpeg\" title=\"28\" data-descr=\"\"><\/a><\/div><\/div><\/div><\/div><\/div><!-- End Hybrid Gallery -->\n<div class=\"host-lopnbnfpjmgpbppclhclehhgafnifija\" style=\"position: relative; z-index: 2147483647;\"><\/div>\n<\/div>\n<\/div><\/div><\/div><\/div><\/div>","protected":false},"excerpt":{"rendered":"<p>En la sede Centro ofertamos los grados Sextos, S\u00e9ptimos y Octavos orient\u00e1ndolos hacia los oficios t\u00e9cnicos junto con las TICS en las modalidades t\u00e9cnicas. La sede Centro ofrece a la comunidad especialmente a los ni\u00f1os(as) pre-adolescentes y adolescentes alternativas de cambio para su proyectar de vida, con una misi\u00f3n diaria en el acompa\u00f1amiento y en&hellip;<\/p>\n","protected":false},"author":1,"featured_media":4559,"parent":0,"menu_order":0,"comment_status":"closed","ping_status":"closed","template":"","meta":[],"_links":{"self":[{"href":"https:\/\/itifistas.edu.co\/itif\/index.php\/wp-json\/wp\/v2\/pages\/156"}],"collection":[{"href":"https:\/\/itifistas.edu.co\/itif\/index.php\/wp-json\/wp\/v2\/pages"}],"about":[{"href":"https:\/\/itifistas.edu.co\/itif\/index.php\/wp-json\/wp\/v2\/types\/page"}],"author":[{"embeddable":true,"href":"https:\/\/itifistas.edu.co\/itif\/index.php\/wp-json\/wp\/v2\/users\/1"}],"replies":[{"embeddable":true,"href":"https:\/\/itifistas.edu.co\/itif\/index.php\/wp-json\/wp\/v2\/comments?post=156"}],"version-history":[{"count":17,"href":"https:\/\/itifistas.edu.co\/itif\/index.php\/wp-json\/wp\/v2\/pages\/156\/revisions"}],"predecessor-version":[{"id":4622,"href":"https:\/\/itifistas.edu.co\/itif\/index.php\/wp-json\/wp\/v2\/pages\/156\/revisions\/4622"}],"wp:featuredmedia":[{"embeddable":true,"href":"https:\/\/itifistas.edu.co\/itif\/index.php\/wp-json\/wp\/v2\/media\/4559"}],"wp:attachment":[{"href":"https:\/\/itifistas.edu.co\/itif\/index.php\/wp-json\/wp\/v2\/media?parent=156"}],"curies":[{"name":"wp","href":"https:\/\/api.w.org\/{rel}","templated":true}]}}