{"id":147,"date":"2019-09-09T18:23:40","date_gmt":"2019-09-09T18:23:40","guid":{"rendered":"http:\/\/itifistas.edu.co\/itif\/?page_id=147"},"modified":"2026-01-23T13:43:44","modified_gmt":"2026-01-23T13:43:44","slug":"preescolar","status":"publish","type":"page","link":"https:\/\/itifistas.edu.co\/itif\/index.php\/preescolar\/","title":{"rendered":"\ud83d\udcdaRafael Pombo."},"content":{"rendered":"<p>Es una de las sedes m\u00e1s queridas por la poblaci\u00f3n Facatative\u00f1a, dada su larga trayectoria como educadora de cientos de ni\u00f1os que han cruzado por sus aulas. Es as\u00ed, como en el presente a\u00f1o cumpli\u00f3 en el mes de abril sus 105 a\u00f1os y proyecta desde ahora la celebraci\u00f3n de su centenario de historia. <\/p>\n<p>Nuestros estudiantes se benefician con el PAE que les garantiza un refrigerio escolar al d\u00eda y almuerzo para los estudiantes. Manejamos proyectos transversales como: PRAES, Sexualidad, Tiempo Libre, Prevenci\u00f3n del Riesgo, Tr\u00e1nsito. Adem\u00e1s de contar con la Banda Infantil, donde los ni\u00f1os encuentran un espacio para desarrollar sus talentos musicales y representar dignamente su instituci\u00f3n. Sus instalaciones se han venido mejorando notoriamente. Muestra de ello es el nuevo edificio que alberga a los peque\u00f1os de preescolar en su primera planta y en la segunda ofrece los servicios de las salas especializadas de l\u00fadicas, Ingl\u00e9s, audiovisuales y coordinaci\u00f3n. Este a\u00f1o nos integramos al Proyecto Formativo Integrador &#8211; PFI adecuando nuestras metodolog\u00edas hacia el aprendizaje significativo bajo la metodolog\u00eda del aprendizaje basado en problemas &#8211; ABP.<br \/>\n\r\n<style>\r\n.hybgl-metro-147-1 .hybgl-prl1-double-bounce1,\r\n.hybgl-metro-147-1 .hybgl-prl1-double-bounce2,\r\n.hybgl-metro-147-1 .hybgl-prl2-spinner,\r\n.hybgl-metro-147-1 .hybgl-prl3-spinner > div,\r\n.hybgl-metro-147-1 .hybgl-prl4-sk-folding-cube .hybgl-prl4-sk-cube:before,\r\n.hybgl-metro-147-1 .hybgl-prl5-cube1, .hybgl-prl5-cube2,\r\n.hybgl-metro-147-1 .hybgl-prl6-dot1, .hybgl-prl6-dot2,\r\n.hybgl-metro-147-1 .hybgl-prl7-spinner > div,\r\n.hybgl-metro-147-1 .hybgl-prl8-sk-circle .hybgl-prl8-sk-child:before,\r\n.hybgl-metro-147-1 .hybgl-prl9-sk-cube-grid .hybgl-prl9-sk-cube,\r\n.hybgl-metro-147-1 .hybgl-prl10-pacman>div:nth-child(3),\r\n.hybgl-metro-147-1 .hybgl-prl10-pacman>div:nth-child(4),\r\n.hybgl-metro-147-1 .hybgl-prl10-pacman>div:nth-child(5),\r\n.hybgl-metro-147-1 .hybgl-prl10-pacman>div:nth-child(6),\r\n.hybgl-metro-147-1.hybgl-style-1 .hybgl-button i,\r\n.hybgl-metro-147-1.hybgl-style-1 .hybgl-item-meta,\r\n.hybgl-metro-147-1.hybgl-style-3 .hybgl-item-inner:before,\r\n.hybgl-metro-147-1 .hybgl-filter-label:hover,\r\n.hybgl-metro-147-1 .hybgl-filter-label-active,\r\n.hybgl-metro-147-1 .hybgl-filter-label:before {\r\n    background: #0dcc00;\r\n}\r\n\r\n.hybgl-metro-147-1 .hybgl-pagin-num-page:hover,\r\n.hybgl-metro-147-1 .hybgl-pagin-cs-page:hover,\r\n.hybgl-metro-147-1.hybgl-style-2.hybgl-buttons-show .hybgl-item-inner:before {\r\n    background: #0dcc00;\r\n    background: rgba(13,204,0,0.5);\r\n}\r\n\r\n.hybgl-metro-147-1 .hybgl-prl10-pacman>div:first-of-type,\r\n.hybgl-metro-147-1 .hybgl-prl10-pacman>div:nth-child(2) {\r\n    border-top-color: #0dcc00;\r\n    border-left-color: #0dcc00;\r\n    border-bottom-color: #0dcc00;\r\n}\r\n\r\n.hybgl-metro-147-1 .hybgl-filter-label,\r\n.hybgl-metro-147-1 .hybgl-pagin-num-page:hover,\r\n.hybgl-metro-147-1 .hybgl-pagin-cs-page:hover {\r\n    border-color: #0dcc00;\r\n}\r\n\r\n.hybgl-metro-147-1 .hybgl-filter-label,\r\n.hybgl-metro-147-1.hybgl-style-2.hybgl-click-action-lb-link .hybgl-button i:hover,\r\n.hybgl-metro-147-1.hybgl-style-3 .hybgl-button i,\r\n.hybgl-metro-147-1.hybgl-style-4 .hybgl-button i,\r\n.hybgl-metro-147-1.hybgl-style-4 .hybgl-item-meta .hybgl-item-meta-title {\r\n    color: #0dcc00;\r\n}\r\n\r\n.hybgl-metro-147-1 .hybgl-filter-label:hover,\r\n.hybgl-metro-147-1 .hybgl-filter-label-active {\r\n    color: #fff;\r\n}\r\n\r\n.hybgl-metro-147-1 .hybgl-filter-label-active:before {\r\n    background: #fff;\r\n}\r\n<\/style>\r\n\r\n<!-- Start Hybrid Gallery --><div class=\"hybgl-box hybgl-mode-grid hybgl-layout-metro hybgl-size-equal hybgl-lightbox hybgl-lightbox-lib-mp hybgl-click-action-lb hybgl-style-1 hybgl-buttons-hide hybgl-extra-animation hybgl-metro-147-1 hybgl-clearfix\" data-id=\"147\" data-selector=\"hybgl-metro-147-1\" data-mode=\"isotope\" data-layout=\"metro\" data-metro-style=\"1\" data-size=\"equal\" data-cols=\"3\" data-gap-x=\"10\" data-gap-y=\"10\" data-ratio=\"1-1\" data-lightbox=\"mp\" data-style=\"1\" data-animation=\"fadeInUp\" data-loader-delay=\"300\" data-design=\"{#w_vl#:#100#,#w_un#:#pc#,#align#:#none#}\" data-res=\"{#1024#:{#w#:#auto#,#w_vl#:#100#,#w_un#:#pc#,#cols#:#auto#,#align#:#auto#},#800#:{#w#:#auto#,#w_vl#:#100#,#w_un#:#pc#,#cols#:#auto#,#align#:#auto#},#768#:{#w#:#auto#,#w_vl#:#100#,#w_un#:#pc#,#cols#:#auto#,#align#:#auto#},#600#:{#w#:#auto#,#w_vl#:#100#,#w_un#:#pc#,#cols#:#auto#,#align#:#auto#},#480#:{#w#:#auto#,#w_vl#:#100#,#w_un#:#pc#,#cols#:#auto#,#align#:#auto#}}\"><div class=\"hybgl-loader hybgl-loader-center hybgl-clearfix hybgl-prl1-bounce-loader\"><div class=\"hybgl-prl1-spinner\"><div class=\"hybgl-prl1-double-bounce1\"><\/div><div class=\"hybgl-prl1-double-bounce2\"><\/div><\/div><\/div><div class=\"hybgl-wrapper hybgl-clearfix\"><div class=\"hybgl-container hybgl-clearfix\"><div class=\"hybgl-item\" data-w=\"1600\" data-h=\"777\"><div class=\"hybgl-item-wrapper\"><div class=\"hybgl-item-overlay\"><div class=\"hybgl-item-overlay-inner\"><div class=\"hybgl-item-inner\" style=\"background-image:url(https:\/\/itifistas.edu.co\/itif\/wp-content\/uploads\/2026\/01\/WhatsApp-Image-2026-01-21-at-8.40.50-AM-1280x622.jpeg);\"><\/div><\/div><\/div><a class=\"hybgl-button hybgl-button-action-zoom hybgl-button-style-full mfp-image\" href=\"https:\/\/itifistas.edu.co\/itif\/wp-content\/uploads\/2026\/01\/WhatsApp-Image-2026-01-21-at-8.40.50-AM.jpeg\" title=\"WhatsApp Image 2026-01-21 at 8.40.50 AM\" data-descr=\"\"><\/a><\/div><\/div><div class=\"hybgl-item\" data-w=\"1200\" data-h=\"1600\"><div class=\"hybgl-item-wrapper\"><div class=\"hybgl-item-overlay\"><div class=\"hybgl-item-overlay-inner\"><div class=\"hybgl-item-inner\" style=\"background-image:url(https:\/\/itifistas.edu.co\/itif\/wp-content\/uploads\/2026\/01\/WhatsApp-Image-2026-01-21-at-8.40.52-AM.jpeg);\"><\/div><\/div><\/div><a class=\"hybgl-button hybgl-button-action-zoom hybgl-button-style-full mfp-image\" href=\"https:\/\/itifistas.edu.co\/itif\/wp-content\/uploads\/2026\/01\/WhatsApp-Image-2026-01-21-at-8.40.52-AM.jpeg\" title=\"WhatsApp Image 2026-01-21 at 8.40.52 AM\" data-descr=\"\"><\/a><\/div><\/div><div class=\"hybgl-item\" data-w=\"1600\" data-h=\"777\"><div class=\"hybgl-item-wrapper\"><div class=\"hybgl-item-overlay\"><div class=\"hybgl-item-overlay-inner\"><div class=\"hybgl-item-inner\" style=\"background-image:url(https:\/\/itifistas.edu.co\/itif\/wp-content\/uploads\/2026\/01\/WhatsApp-Image-2026-01-21-at-8.40.50-AM-1-1280x622.jpeg);\"><\/div><\/div><\/div><a class=\"hybgl-button hybgl-button-action-zoom hybgl-button-style-full mfp-image\" href=\"https:\/\/itifistas.edu.co\/itif\/wp-content\/uploads\/2026\/01\/WhatsApp-Image-2026-01-21-at-8.40.50-AM-1.jpeg\" title=\"WhatsApp Image 2026-01-21 at 8.40.50 AM (1)\" data-descr=\"\"><\/a><\/div><\/div><div class=\"hybgl-item\" data-w=\"1200\" data-h=\"1600\"><div class=\"hybgl-item-wrapper\"><div class=\"hybgl-item-overlay\"><div class=\"hybgl-item-overlay-inner\"><div class=\"hybgl-item-inner\" style=\"background-image:url(https:\/\/itifistas.edu.co\/itif\/wp-content\/uploads\/2026\/01\/WhatsApp-Image-2026-01-21-at-8.40.55-AM-1.jpeg);\"><\/div><\/div><\/div><a class=\"hybgl-button hybgl-button-action-zoom hybgl-button-style-full mfp-image\" href=\"https:\/\/itifistas.edu.co\/itif\/wp-content\/uploads\/2026\/01\/WhatsApp-Image-2026-01-21-at-8.40.55-AM-1.jpeg\" title=\"WhatsApp Image 2026-01-21 at 8.40.55 AM (1)\" data-descr=\"\"><\/a><\/div><\/div><div class=\"hybgl-item\" data-w=\"1600\" data-h=\"1200\"><div class=\"hybgl-item-wrapper\"><div class=\"hybgl-item-overlay\"><div class=\"hybgl-item-overlay-inner\"><div class=\"hybgl-item-inner\" style=\"background-image:url(https:\/\/itifistas.edu.co\/itif\/wp-content\/uploads\/2026\/01\/WhatsApp-Image-2026-01-21-at-8.40.56-AM-1280x960.jpeg);\"><\/div><\/div><\/div><a class=\"hybgl-button hybgl-button-action-zoom hybgl-button-style-full mfp-image\" href=\"https:\/\/itifistas.edu.co\/itif\/wp-content\/uploads\/2026\/01\/WhatsApp-Image-2026-01-21-at-8.40.56-AM.jpeg\" title=\"WhatsApp Image 2026-01-21 at 8.40.56 AM\" data-descr=\"\"><\/a><\/div><\/div><\/div><\/div><\/div><!-- End Hybrid Gallery --><\/p>\n","protected":false},"excerpt":{"rendered":"<p>Es una de las sedes m\u00e1s queridas por la poblaci\u00f3n Facatative\u00f1a, dada su larga trayectoria como educadora de cientos de ni\u00f1os que han cruzado por sus aulas. Es as\u00ed, como en el presente a\u00f1o cumpli\u00f3 en el mes de abril sus 105 a\u00f1os y proyecta desde ahora la celebraci\u00f3n de su centenario de historia. Nuestros&hellip;<\/p>\n","protected":false},"author":1,"featured_media":4554,"parent":0,"menu_order":0,"comment_status":"closed","ping_status":"closed","template":"","meta":[],"_links":{"self":[{"href":"https:\/\/itifistas.edu.co\/itif\/index.php\/wp-json\/wp\/v2\/pages\/147"}],"collection":[{"href":"https:\/\/itifistas.edu.co\/itif\/index.php\/wp-json\/wp\/v2\/pages"}],"about":[{"href":"https:\/\/itifistas.edu.co\/itif\/index.php\/wp-json\/wp\/v2\/types\/page"}],"author":[{"embeddable":true,"href":"https:\/\/itifistas.edu.co\/itif\/index.php\/wp-json\/wp\/v2\/users\/1"}],"replies":[{"embeddable":true,"href":"https:\/\/itifistas.edu.co\/itif\/index.php\/wp-json\/wp\/v2\/comments?post=147"}],"version-history":[{"count":12,"href":"https:\/\/itifistas.edu.co\/itif\/index.php\/wp-json\/wp\/v2\/pages\/147\/revisions"}],"predecessor-version":[{"id":4603,"href":"https:\/\/itifistas.edu.co\/itif\/index.php\/wp-json\/wp\/v2\/pages\/147\/revisions\/4603"}],"wp:featuredmedia":[{"embeddable":true,"href":"https:\/\/itifistas.edu.co\/itif\/index.php\/wp-json\/wp\/v2\/media\/4554"}],"wp:attachment":[{"href":"https:\/\/itifistas.edu.co\/itif\/index.php\/wp-json\/wp\/v2\/media?parent=147"}],"curies":[{"name":"wp","href":"https:\/\/api.w.org\/{rel}","templated":true}]}}